{"id":1064,"date":"2023-06-05T07:40:50","date_gmt":"2023-06-05T07:40:50","guid":{"rendered":"https:\/\/optimizingtheworld.com\/rentahouse\/?page_id=1064"},"modified":"2023-06-05T08:20:34","modified_gmt":"2023-06-05T08:20:34","slug":"reforma-de-viviendas-en-la-comunidad-valenciana-transforme-su-espacio-a-medida","status":"publish","type":"page","link":"https:\/\/rentahousebehappy.com\/index.php\/reforma-de-viviendas-en-la-comunidad-valenciana-transforme-su-espacio-a-medida\/","title":{"rendered":"Reforma de Viviendas en la Comunidad Valenciana: Transforme su Espacio a Medida"},"content":{"rendered":"\t\t<div data-elementor-type=\"wp-page\" data-elementor-id=\"1064\" class=\"elementor elementor-1064\">\n\t\t\t\t\t\t\t\t\t<section class=\"elementor-section elementor-top-section elementor-element elementor-element-w49vub7 elementor-section-boxed elementor-section-height-default elementor-section-height-default\" data-id=\"w49vub7\" data-element_type=\"section\" data-settings=\"{&quot;background_background&quot;:&quot;classic&quot;}\">\n\t\t\t\t\t\t\t<div class=\"elementor-background-overlay\"><\/div>\n\t\t\t\t\t\t\t<div class=\"elementor-container elementor-column-gap-no\">\n\t\t\t\t\t<div class=\"elementor-column elementor-col-100 elementor-top-column elementor-element elementor-element-21ddeff\" data-id=\"21ddeff\" data-element_type=\"column\">\n\t\t\t<div class=\"elementor-widget-wrap elementor-element-populated\">\n\t\t\t\t\t\t\t\t<div class=\"elementor-element elementor-element-a09d3bc elementor-widget elementor-widget-heading\" data-id=\"a09d3bc\" data-element_type=\"widget\" data-widget_type=\"heading.default\">\n\t\t\t\t<div class=\"elementor-widget-container\">\n\t\t\t<style>\/*! elementor - v3.13.3 - 28-05-2023 *\/\n.elementor-heading-title{padding:0;margin:0;line-height:1}.elementor-widget-heading .elementor-heading-title[class*=elementor-size-]>a{color:inherit;font-size:inherit;line-height:inherit}.elementor-widget-heading .elementor-heading-title.elementor-size-small{font-size:15px}.elementor-widget-heading .elementor-heading-title.elementor-size-medium{font-size:19px}.elementor-widget-heading .elementor-heading-title.elementor-size-large{font-size:29px}.elementor-widget-heading .elementor-heading-title.elementor-size-xl{font-size:39px}.elementor-widget-heading .elementor-heading-title.elementor-size-xxl{font-size:59px}<\/style><h1 class=\"elementor-heading-title elementor-size-default\">Reforma de Viviendas en la Comunidad Valenciana: Transforme su Espacio a Medida<\/h1>\t\t<\/div>\n\t\t\t\t<\/div>\n\t\t\t\t\t<\/div>\n\t\t<\/div>\n\t\t\t\t\t\t\t<\/div>\n\t\t<\/section>\n\t\t\t\t<section class=\"elementor-section elementor-top-section elementor-element elementor-element-9c78764 elementor-section-boxed elementor-section-height-default elementor-section-height-default\" data-id=\"9c78764\" data-element_type=\"section\" data-settings=\"{&quot;background_background&quot;:&quot;classic&quot;}\">\n\t\t\t\t\t\t<div class=\"elementor-container elementor-column-gap-default\">\n\t\t\t\t\t<div class=\"elementor-column elementor-col-100 elementor-top-column elementor-element elementor-element-e3d3bc3\" data-id=\"e3d3bc3\" data-element_type=\"column\">\n\t\t\t<div class=\"elementor-widget-wrap elementor-element-populated\">\n\t\t\t\t\t\t\t\t<div class=\"elementor-element elementor-element-0a73cc9 elementor-widget elementor-widget-spacer\" data-id=\"0a73cc9\" data-element_type=\"widget\" data-widget_type=\"spacer.default\">\n\t\t\t\t<div class=\"elementor-widget-container\">\n\t\t\t<style>\/*! elementor - v3.13.3 - 28-05-2023 *\/\n.elementor-column .elementor-spacer-inner{height:var(--spacer-size)}.e-con{--container-widget-width:100%}.e-con-inner>.elementor-widget-spacer,.e-con>.elementor-widget-spacer{width:var(--container-widget-width,var(--spacer-size));--align-self:var(--container-widget-align-self,initial);--flex-shrink:0}.e-con-inner>.elementor-widget-spacer>.elementor-widget-container,.e-con-inner>.elementor-widget-spacer>.elementor-widget-container>.elementor-spacer,.e-con>.elementor-widget-spacer>.elementor-widget-container,.e-con>.elementor-widget-spacer>.elementor-widget-container>.elementor-spacer{height:100%}.e-con-inner>.elementor-widget-spacer>.elementor-widget-container>.elementor-spacer>.elementor-spacer-inner,.e-con>.elementor-widget-spacer>.elementor-widget-container>.elementor-spacer>.elementor-spacer-inner{height:var(--container-widget-height,var(--spacer-size))}<\/style>\t\t<div class=\"elementor-spacer\">\n\t\t\t<div class=\"elementor-spacer-inner\"><\/div>\n\t\t<\/div>\n\t\t\t\t<\/div>\n\t\t\t\t<\/div>\n\t\t\t\t<div class=\"elementor-element elementor-element-f1b07eb elementor-widget elementor-widget-text-editor\" data-id=\"f1b07eb\" data-element_type=\"widget\" data-widget_type=\"text-editor.default\">\n\t\t\t\t<div class=\"elementor-widget-container\">\n\t\t\t<style>\/*! elementor - v3.13.3 - 28-05-2023 *\/\n.elementor-widget-text-editor.elementor-drop-cap-view-stacked .elementor-drop-cap{background-color:#69727d;color:#fff}.elementor-widget-text-editor.elementor-drop-cap-view-framed .elementor-drop-cap{color:#69727d;border:3px solid;background-color:transparent}.elementor-widget-text-editor:not(.elementor-drop-cap-view-default) .elementor-drop-cap{margin-top:8px}.elementor-widget-text-editor:not(.elementor-drop-cap-view-default) .elementor-drop-cap-letter{width:1em;height:1em}.elementor-widget-text-editor .elementor-drop-cap{float:left;text-align:center;line-height:1;font-size:50px}.elementor-widget-text-editor .elementor-drop-cap-letter{display:inline-block}<\/style>\t\t\t\t<p>Transforme su vivienda con nuestro servicio de reforma en la Comunidad Valenciana. Nuestro equipo especializado en construcci\u00f3n y remodelaci\u00f3n trabaja de la mano con <a href=\"https:\/\/construccionesalbertoginesta.com\/\" target=\"_blank\" rel=\"noopener\">Construcciones Alberto Ginesta<\/a>, una empresa reconocida en el sector, para personalizar su espacio y ofrecer soluciones a medida que logren una vivienda renovada y funcional, adaptada a sus necesidades y gustos.<\/p><p>Si est\u00e1 buscando llevar a cabo una reforma de vivienda en la Comunidad Valenciana, nuestro equipo y la experiencia de <a href=\"https:\/\/construccionesalbertoginesta.com\/\" target=\"_blank\" rel=\"noopener\">Construcciones Alberto Ginesta<\/a> se unen para brindarle resultados excepcionales. Juntos, nos esforzamos por convertir su hogar en un espacio renovado y moderno que refleje su estilo de vida.<\/p><p>Desde el primer contacto, nuestro equipo de profesionales trabaja en estrecha colaboraci\u00f3n con <a href=\"https:\/\/construccionesalbertoginesta.com\/\" target=\"_blank\" rel=\"noopener\">Construcciones Alberto Ginesta<\/a> para escuchar sus ideas y necesidades. Nos tomamos el tiempo necesario para comprender sus deseos y preferencias, lo que nos permite dise\u00f1ar un plan de reforma personalizado que cumpla con sus expectativas. Utilizamos materiales de alta calidad y t\u00e9cnicas de construcci\u00f3n modernas respaldadas por la experiencia de <a href=\"https:\/\/construccionesalbertoginesta.com\/\" target=\"_blank\" rel=\"noopener\">Construcciones Alberto Ginesta<\/a>, asegurando resultados duraderos y satisfactorios.<\/p><p>En cada proyecto de reforma de vivienda, nuestro equipo, se enfoca en optimizar el espacio disponible y mejorar la distribuci\u00f3n de las habitaciones. Realizamos un an\u00e1lisis detallado de cada \u00e1rea de su hogar, incluyendo la cocina, el ba\u00f1o, las habitaciones y las zonas comunes. Adem\u00e1s, podemos incorporar soluciones inteligentes, como la instalaci\u00f3n de sistemas de dom\u00f3tica, para mejorar la funcionalidad y la eficiencia energ\u00e9tica de su vivienda.<\/p><p>Nuestra alianza estrat\u00e9gica nos permite ofrecer un servicio integral y de calidad. No solo nos encargamos de la construcci\u00f3n y remodelaci\u00f3n, sino que tambi\u00e9n brindamos asesoramiento en la selecci\u00f3n de materiales, acabados y colores para lograr un aspecto moderno y sofisticado en su vivienda, aprovechando la experiencia y conocimiento de <a href=\"https:\/\/construccionesalbertoginesta.com\/\" target=\"_blank\" rel=\"noopener\">Construcciones Alberto Ginesta<\/a>.<\/p>\t\t\t\t\t\t<\/div>\n\t\t\t\t<\/div>\n\t\t\t\t\t<\/div>\n\t\t<\/div>\n\t\t\t\t\t\t\t<\/div>\n\t\t<\/section>\n\t\t\t\t<section class=\"elementor-section elementor-top-section elementor-element elementor-element-5851286 elementor-section-boxed elementor-section-height-default elementor-section-height-default\" data-id=\"5851286\" data-element_type=\"section\" data-settings=\"{&quot;background_background&quot;:&quot;classic&quot;}\">\n\t\t\t\t\t\t<div class=\"elementor-container elementor-column-gap-default\">\n\t\t\t\t\t<div class=\"elementor-column elementor-col-33 elementor-top-column elementor-element elementor-element-f63720a\" data-id=\"f63720a\" data-element_type=\"column\">\n\t\t\t<div class=\"elementor-widget-wrap elementor-element-populated\">\n\t\t\t\t\t\t\t\t<div class=\"elementor-element elementor-element-5e92f1a elementor-widget elementor-widget-image\" data-id=\"5e92f1a\" data-element_type=\"widget\" data-widget_type=\"image.default\">\n\t\t\t\t<div class=\"elementor-widget-container\">\n\t\t\t<style>\/*! elementor - v3.13.3 - 28-05-2023 *\/\n.elementor-widget-image{text-align:center}.elementor-widget-image a{display:inline-block}.elementor-widget-image a img[src$=\".svg\"]{width:48px}.elementor-widget-image img{vertical-align:middle;display:inline-block}<\/style>\t\t\t\t\t\t\t\t\t\t\t\t<img loading=\"lazy\" decoding=\"async\" width=\"1024\" height=\"576\" src=\"https:\/\/i0.wp.com\/rentahousebehappy.com\/wp-content\/uploads\/2023\/06\/20160508_152208-2048x1152-1.webp?fit=1024%2C576&amp;ssl=1\" class=\"attachment-large size-large wp-image-998\" alt=\"\" srcset=\"https:\/\/i0.wp.com\/rentahousebehappy.com\/wp-content\/uploads\/2023\/06\/20160508_152208-2048x1152-1.webp?w=2048&amp;ssl=1 2048w, https:\/\/i0.wp.com\/rentahousebehappy.com\/wp-content\/uploads\/2023\/06\/20160508_152208-2048x1152-1.webp?resize=300%2C169&amp;ssl=1 300w, https:\/\/i0.wp.com\/rentahousebehappy.com\/wp-content\/uploads\/2023\/06\/20160508_152208-2048x1152-1.webp?resize=1024%2C576&amp;ssl=1 1024w, https:\/\/i0.wp.com\/rentahousebehappy.com\/wp-content\/uploads\/2023\/06\/20160508_152208-2048x1152-1.webp?resize=768%2C432&amp;ssl=1 768w, https:\/\/i0.wp.com\/rentahousebehappy.com\/wp-content\/uploads\/2023\/06\/20160508_152208-2048x1152-1.webp?resize=1536%2C864&amp;ssl=1 1536w\" sizes=\"auto, (max-width: 1000px) 100vw, 1000px\" \/>\t\t\t\t\t\t\t\t\t\t\t\t\t\t\t<\/div>\n\t\t\t\t<\/div>\n\t\t\t\t\t<\/div>\n\t\t<\/div>\n\t\t\t\t<div class=\"elementor-column elementor-col-33 elementor-top-column elementor-element elementor-element-3186ddf\" data-id=\"3186ddf\" data-element_type=\"column\">\n\t\t\t<div class=\"elementor-widget-wrap\">\n\t\t\t\t\t\t\t\t\t<\/div>\n\t\t<\/div>\n\t\t\t\t<div class=\"elementor-column elementor-col-33 elementor-top-column elementor-element elementor-element-500a8f6\" data-id=\"500a8f6\" data-element_type=\"column\">\n\t\t\t<div class=\"elementor-widget-wrap elementor-element-populated\">\n\t\t\t\t\t\t\t\t<div class=\"elementor-element elementor-element-4a74d4b elementor-widget elementor-widget-image\" data-id=\"4a74d4b\" data-element_type=\"widget\" data-widget_type=\"image.default\">\n\t\t\t\t<div class=\"elementor-widget-container\">\n\t\t\t\t\t\t\t\t\t\t\t\t\t\t\t<img loading=\"lazy\" decoding=\"async\" width=\"1024\" height=\"576\" src=\"https:\/\/i0.wp.com\/rentahousebehappy.com\/wp-content\/uploads\/2023\/06\/20160619_203349-2048x1152-1.webp?fit=1024%2C576&amp;ssl=1\" class=\"attachment-large size-large wp-image-999\" alt=\"\" srcset=\"https:\/\/i0.wp.com\/rentahousebehappy.com\/wp-content\/uploads\/2023\/06\/20160619_203349-2048x1152-1.webp?w=2048&amp;ssl=1 2048w, https:\/\/i0.wp.com\/rentahousebehappy.com\/wp-content\/uploads\/2023\/06\/20160619_203349-2048x1152-1.webp?resize=300%2C169&amp;ssl=1 300w, https:\/\/i0.wp.com\/rentahousebehappy.com\/wp-content\/uploads\/2023\/06\/20160619_203349-2048x1152-1.webp?resize=1024%2C576&amp;ssl=1 1024w, https:\/\/i0.wp.com\/rentahousebehappy.com\/wp-content\/uploads\/2023\/06\/20160619_203349-2048x1152-1.webp?resize=768%2C432&amp;ssl=1 768w, https:\/\/i0.wp.com\/rentahousebehappy.com\/wp-content\/uploads\/2023\/06\/20160619_203349-2048x1152-1.webp?resize=1536%2C864&amp;ssl=1 1536w\" sizes=\"auto, (max-width: 1000px) 100vw, 1000px\" \/>\t\t\t\t\t\t\t\t\t\t\t\t\t\t\t<\/div>\n\t\t\t\t<\/div>\n\t\t\t\t\t<\/div>\n\t\t<\/div>\n\t\t\t\t\t\t\t<\/div>\n\t\t<\/section>\n\t\t\t\t<section class=\"elementor-section elementor-top-section elementor-element elementor-element-0vp85jt elementor-section-boxed elementor-section-height-default elementor-section-height-default\" data-id=\"0vp85jt\" data-element_type=\"section\" data-settings=\"{&quot;background_background&quot;:&quot;classic&quot;}\">\n\t\t\t\t\t\t\t<div class=\"elementor-background-overlay\"><\/div>\n\t\t\t\t\t\t\t<div class=\"elementor-container elementor-column-gap-no\">\n\t\t\t\t\t<div class=\"elementor-column elementor-col-100 elementor-top-column elementor-element elementor-element-75764c5\" data-id=\"75764c5\" data-element_type=\"column\">\n\t\t\t<div class=\"elementor-widget-wrap elementor-element-populated\">\n\t\t\t\t\t\t\t\t<div class=\"elementor-element elementor-element-a3030da elementor-widget elementor-widget-heading\" data-id=\"a3030da\" data-element_type=\"widget\" data-widget_type=\"heading.default\">\n\t\t\t\t<div class=\"elementor-widget-container\">\n\t\t\t<h6 class=\"elementor-heading-title elementor-size-default\">Otros Servicios<\/h6>\t\t<\/div>\n\t\t\t\t<\/div>\n\t\t\t\t<div class=\"elementor-element elementor-element-b9529bc elementor-widget__width-initial elementor-widget-tablet__width-initial elementor-widget-mobile__width-inherit elementor-position-top elementor-vertical-align-top elementor-widget elementor-widget-image-box\" data-id=\"b9529bc\" data-element_type=\"widget\" data-widget_type=\"image-box.default\">\n\t\t\t\t<div class=\"elementor-widget-container\">\n\t\t\t<style>\/*! elementor - v3.13.3 - 28-05-2023 *\/\n.elementor-widget-image-box .elementor-image-box-content{width:100%}@media (min-width:768px){.elementor-widget-image-box.elementor-position-left .elementor-image-box-wrapper,.elementor-widget-image-box.elementor-position-right .elementor-image-box-wrapper{display:flex}.elementor-widget-image-box.elementor-position-right .elementor-image-box-wrapper{text-align:right;flex-direction:row-reverse}.elementor-widget-image-box.elementor-position-left .elementor-image-box-wrapper{text-align:left;flex-direction:row}.elementor-widget-image-box.elementor-position-top .elementor-image-box-img{margin:auto}.elementor-widget-image-box.elementor-vertical-align-top .elementor-image-box-wrapper{align-items:flex-start}.elementor-widget-image-box.elementor-vertical-align-middle .elementor-image-box-wrapper{align-items:center}.elementor-widget-image-box.elementor-vertical-align-bottom .elementor-image-box-wrapper{align-items:flex-end}}@media (max-width:767px){.elementor-widget-image-box .elementor-image-box-img{margin-left:auto!important;margin-right:auto!important;margin-bottom:15px}}.elementor-widget-image-box .elementor-image-box-img{display:inline-block}.elementor-widget-image-box .elementor-image-box-title a{color:inherit}.elementor-widget-image-box .elementor-image-box-wrapper{text-align:center}.elementor-widget-image-box .elementor-image-box-description{margin:0}<\/style><div class=\"elementor-image-box-wrapper\"><figure class=\"elementor-image-box-img\"><a href=\"https:\/\/rentahousebehappy.com\/index.php\/alquiler-de-viviendas-en-la-comunidad-valenciana-encuentre-su-hogar-ideal\/\"><img decoding=\"async\" src=\"https:\/\/i0.wp.com\/rentahousebehappy.com\/wp-content\/uploads\/2023\/06\/WhatsApp-Image-2023-06-02-at-11.20.29.webp?fit=500%2C360&amp;ssl=1\" title=\"WhatsApp Image 2023-06-02 at 11.20.29\" alt=\"WhatsApp Image 2023-06-02 at 11.20.29\" loading=\"lazy\" \/><\/a><\/figure><div class=\"elementor-image-box-content\"><h4 class=\"elementor-image-box-title\"><a href=\"https:\/\/rentahousebehappy.com\/index.php\/alquiler-de-viviendas-en-la-comunidad-valenciana-encuentre-su-hogar-ideal\/\">Alquiler de Viviendas en la Comunidad Valenciana: Encuentre su Hogar Ideal<\/a><\/h4><p class=\"elementor-image-box-description\">Descubra nuestra amplia selecci\u00f3n de viviendas en alquiler en la Comunidad Valenciana. Encuentre su hogar ideal entre nuestras opciones de casas, apartamentos y pisos disponibles, con ubicaciones convenientes y comodidades destacadas.<\/p><\/div><\/div>\t\t<\/div>\n\t\t\t\t<\/div>\n\t\t\t\t<div class=\"elementor-element elementor-element-cd7a0c6 elementor-widget__width-initial elementor-widget-tablet__width-initial elementor-widget-mobile__width-inherit elementor-position-top elementor-vertical-align-top elementor-widget elementor-widget-image-box\" data-id=\"cd7a0c6\" data-element_type=\"widget\" data-widget_type=\"image-box.default\">\n\t\t\t\t<div class=\"elementor-widget-container\">\n\t\t\t<div class=\"elementor-image-box-wrapper\"><figure class=\"elementor-image-box-img\"><a href=\"https:\/\/rentahousebehappy.com\/index.php\/preparacion-de-viviendas-para-alquiler-mejore-el-atractivo-de-su-propiedad\/\"><img decoding=\"async\" src=\"https:\/\/i0.wp.com\/rentahousebehappy.com\/wp-content\/uploads\/2023\/06\/WhatsApp-Image-2023-06-02-at-11.05.47-1.webp?fit=500%2C360&amp;ssl=1\" title=\"WhatsApp Image 2023-06-02 at 11.05.47 (1)\" alt=\"WhatsApp Image 2023-06-02 at 11.05.47 (1)\" loading=\"lazy\" \/><\/a><\/figure><div class=\"elementor-image-box-content\"><h4 class=\"elementor-image-box-title\"><a href=\"https:\/\/rentahousebehappy.com\/index.php\/preparacion-de-viviendas-para-alquiler-mejore-el-atractivo-de-su-propiedad\/\">Preparaci\u00f3n de Viviendas para Alquiler: Mejore el Atractivo de su Propiedad<\/a><\/h4><p class=\"elementor-image-box-description\">Optimice su propiedad para el alquiler con nuestro servicio profesional de preparaci\u00f3n de viviendas. Mejoramos el dise\u00f1o de interiores, realizamos reparaciones y presentamos su espacio de manera impecable, para atraer r\u00e1pidamente a potenciales inquilinos y lograr un alquiler competitivo.<\/p><\/div><\/div>\t\t<\/div>\n\t\t\t\t<\/div>\n\t\t\t\t\t<\/div>\n\t\t<\/div>\n\t\t\t\t\t\t\t<\/div>\n\t\t<\/section>\n\t\t\t\t\t\t\t<\/div>\n\t\t","protected":false},"excerpt":{"rendered":"<p>Reforma de Viviendas en la Comunidad Valenciana: Transforme su Espacio a Medida Transforme su vivienda con nuestro servicio de reforma en la Comunidad Valenciana. Nuestro equipo especializado en construcci\u00f3n y remodelaci\u00f3n trabaja de la mano con Construcciones Alberto Ginesta, una empresa reconocida en el sector, para personalizar su espacio y ofrecer soluciones a medida que &hellip;<\/p>\n<p class=\"read-more\"> <a class=\"\" href=\"https:\/\/rentahousebehappy.com\/index.php\/reforma-de-viviendas-en-la-comunidad-valenciana-transforme-su-espacio-a-medida\/\"> <span class=\"screen-reader-text\">Reforma de Viviendas en la Comunidad Valenciana: Transforme su Espacio a Medida<\/span> Leer m\u00e1s &raquo;<\/a><\/p>\n","protected":false},"author":1,"featured_media":0,"parent":0,"menu_order":0,"comment_status":"closed","ping_status":"closed","template":"","meta":{"site-sidebar-layout":"no-sidebar","site-content-layout":"page-builder","ast-global-header-display":"","ast-banner-title-visibility":"","ast-main-header-display":"","ast-hfb-above-header-display":"","ast-hfb-below-header-display":"","ast-hfb-mobile-header-display":"","site-post-title":"disabled","ast-breadcrumbs-content":"","ast-featured-img":"disabled","footer-sml-layout":"","theme-transparent-header-meta":"","adv-header-id-meta":"","stick-header-meta":"","header-above-stick-meta":"","header-main-stick-meta":"","header-below-stick-meta":"","footnotes":""},"class_list":["post-1064","page","type-page","status-publish","hentry"],"_links":{"self":[{"href":"https:\/\/rentahousebehappy.com\/index.php\/wp-json\/wp\/v2\/pages\/1064","targetHints":{"allow":["GET"]}}],"collection":[{"href":"https:\/\/rentahousebehappy.com\/index.php\/wp-json\/wp\/v2\/pages"}],"about":[{"href":"https:\/\/rentahousebehappy.com\/index.php\/wp-json\/wp\/v2\/types\/page"}],"author":[{"embeddable":true,"href":"https:\/\/rentahousebehappy.com\/index.php\/wp-json\/wp\/v2\/users\/1"}],"replies":[{"embeddable":true,"href":"https:\/\/rentahousebehappy.com\/index.php\/wp-json\/wp\/v2\/comments?post=1064"}],"version-history":[{"count":10,"href":"https:\/\/rentahousebehappy.com\/index.php\/wp-json\/wp\/v2\/pages\/1064\/revisions"}],"predecessor-version":[{"id":1116,"href":"https:\/\/rentahousebehappy.com\/index.php\/wp-json\/wp\/v2\/pages\/1064\/revisions\/1116"}],"wp:attachment":[{"href":"https:\/\/rentahousebehappy.com\/index.php\/wp-json\/wp\/v2\/media?parent=1064"}],"curies":[{"name":"wp","href":"https:\/\/api.w.org\/{rel}","templated":true}]}}