{"id":1080,"date":"2023-06-05T07:55:26","date_gmt":"2023-06-05T07:55:26","guid":{"rendered":"https:\/\/optimizingtheworld.com\/rentahouse\/?page_id=1080"},"modified":"2023-06-05T08:20:42","modified_gmt":"2023-06-05T08:20:42","slug":"alquiler-de-viviendas-en-la-comunidad-valenciana-encuentre-su-hogar-ideal","status":"publish","type":"page","link":"https:\/\/rentahousebehappy.com\/index.php\/alquiler-de-viviendas-en-la-comunidad-valenciana-encuentre-su-hogar-ideal\/","title":{"rendered":"Alquiler de Viviendas en la Comunidad Valenciana: Encuentre su Hogar Ideal\u200b"},"content":{"rendered":"\t\t<div data-elementor-type=\"wp-page\" data-elementor-id=\"1080\" class=\"elementor elementor-1080\">\n\t\t\t\t\t\t\t\t\t<section class=\"elementor-section elementor-top-section elementor-element elementor-element-frphrdv elementor-section-boxed elementor-section-height-default elementor-section-height-default\" data-id=\"frphrdv\" data-element_type=\"section\" data-settings=\"{&quot;background_background&quot;:&quot;classic&quot;}\">\n\t\t\t\t\t\t\t<div class=\"elementor-background-overlay\"><\/div>\n\t\t\t\t\t\t\t<div class=\"elementor-container elementor-column-gap-no\">\n\t\t\t\t\t<div class=\"elementor-column elementor-col-100 elementor-top-column elementor-element elementor-element-21ddeff\" data-id=\"21ddeff\" data-element_type=\"column\">\n\t\t\t<div class=\"elementor-widget-wrap elementor-element-populated\">\n\t\t\t\t\t\t\t\t<div class=\"elementor-element elementor-element-a09d3bc elementor-widget elementor-widget-heading\" data-id=\"a09d3bc\" data-element_type=\"widget\" data-widget_type=\"heading.default\">\n\t\t\t\t<div class=\"elementor-widget-container\">\n\t\t\t<style>\/*! elementor - v3.13.3 - 28-05-2023 *\/\n.elementor-heading-title{padding:0;margin:0;line-height:1}.elementor-widget-heading .elementor-heading-title[class*=elementor-size-]>a{color:inherit;font-size:inherit;line-height:inherit}.elementor-widget-heading .elementor-heading-title.elementor-size-small{font-size:15px}.elementor-widget-heading .elementor-heading-title.elementor-size-medium{font-size:19px}.elementor-widget-heading .elementor-heading-title.elementor-size-large{font-size:29px}.elementor-widget-heading .elementor-heading-title.elementor-size-xl{font-size:39px}.elementor-widget-heading .elementor-heading-title.elementor-size-xxl{font-size:59px}<\/style><h1 class=\"elementor-heading-title elementor-size-default\">Alquiler de Viviendas en la Comunidad Valenciana: Encuentre su Hogar Ideal<\/h1>\t\t<\/div>\n\t\t\t\t<\/div>\n\t\t\t\t\t<\/div>\n\t\t<\/div>\n\t\t\t\t\t\t\t<\/div>\n\t\t<\/section>\n\t\t\t\t<section class=\"elementor-section elementor-top-section elementor-element elementor-element-3adf834 elementor-section-boxed elementor-section-height-default elementor-section-height-default\" data-id=\"3adf834\" data-element_type=\"section\" data-settings=\"{&quot;background_background&quot;:&quot;classic&quot;}\">\n\t\t\t\t\t\t<div class=\"elementor-container elementor-column-gap-default\">\n\t\t\t\t\t<div class=\"elementor-column elementor-col-100 elementor-top-column elementor-element elementor-element-b5f412d\" data-id=\"b5f412d\" data-element_type=\"column\">\n\t\t\t<div class=\"elementor-widget-wrap elementor-element-populated\">\n\t\t\t\t\t\t\t\t<div class=\"elementor-element elementor-element-eeebd6c elementor-widget elementor-widget-spacer\" data-id=\"eeebd6c\" data-element_type=\"widget\" data-widget_type=\"spacer.default\">\n\t\t\t\t<div class=\"elementor-widget-container\">\n\t\t\t<style>\/*! elementor - v3.13.3 - 28-05-2023 *\/\n.elementor-column .elementor-spacer-inner{height:var(--spacer-size)}.e-con{--container-widget-width:100%}.e-con-inner>.elementor-widget-spacer,.e-con>.elementor-widget-spacer{width:var(--container-widget-width,var(--spacer-size));--align-self:var(--container-widget-align-self,initial);--flex-shrink:0}.e-con-inner>.elementor-widget-spacer>.elementor-widget-container,.e-con-inner>.elementor-widget-spacer>.elementor-widget-container>.elementor-spacer,.e-con>.elementor-widget-spacer>.elementor-widget-container,.e-con>.elementor-widget-spacer>.elementor-widget-container>.elementor-spacer{height:100%}.e-con-inner>.elementor-widget-spacer>.elementor-widget-container>.elementor-spacer>.elementor-spacer-inner,.e-con>.elementor-widget-spacer>.elementor-widget-container>.elementor-spacer>.elementor-spacer-inner{height:var(--container-widget-height,var(--spacer-size))}<\/style>\t\t<div class=\"elementor-spacer\">\n\t\t\t<div class=\"elementor-spacer-inner\"><\/div>\n\t\t<\/div>\n\t\t\t\t<\/div>\n\t\t\t\t<\/div>\n\t\t\t\t<div class=\"elementor-element elementor-element-4505983 elementor-widget elementor-widget-text-editor\" data-id=\"4505983\" data-element_type=\"widget\" data-widget_type=\"text-editor.default\">\n\t\t\t\t<div class=\"elementor-widget-container\">\n\t\t\t<style>\/*! elementor - v3.13.3 - 28-05-2023 *\/\n.elementor-widget-text-editor.elementor-drop-cap-view-stacked .elementor-drop-cap{background-color:#69727d;color:#fff}.elementor-widget-text-editor.elementor-drop-cap-view-framed .elementor-drop-cap{color:#69727d;border:3px solid;background-color:transparent}.elementor-widget-text-editor:not(.elementor-drop-cap-view-default) .elementor-drop-cap{margin-top:8px}.elementor-widget-text-editor:not(.elementor-drop-cap-view-default) .elementor-drop-cap-letter{width:1em;height:1em}.elementor-widget-text-editor .elementor-drop-cap{float:left;text-align:center;line-height:1;font-size:50px}.elementor-widget-text-editor .elementor-drop-cap-letter{display:inline-block}<\/style>\t\t\t\t<p>Bienvenido al emocionante mundo del alquiler de viviendas en la hermosa Comunidad Valenciana. En nuestra agencia, nos enorgullece presentarle una amplia selecci\u00f3n de opciones para que encuentre su hogar ideal. Nuestra misi\u00f3n es ayudarlo a descubrir la vivienda perfecta que se adapte a sus necesidades y deseos.<\/p><p>En nuestra cartera, encontrar\u00e1 una variedad de casas, apartamentos y pisos disponibles en diferentes ubicaciones dentro de la Comunidad Valenciana. Desde las playas doradas y el ambiente animado de Valencia hasta los encantadores pueblos mediterr\u00e1neos de Alicante y Castell\u00f3n, tenemos opciones para todos los gustos.<\/p><p>Nuestra prioridad es asegurarnos de que encuentre una vivienda con comodidades destacadas que hagan que su experiencia de alquiler sea excepcional. Trabajamos en estrecha colaboraci\u00f3n con propietarios y promotores inmobiliarios de confianza para ofrecerle opciones de alta calidad.<\/p><p>Ya sea que est\u00e9 buscando un acogedor apartamento cerca de los principales centros urbanos, una casa espaciosa con jard\u00edn para su familia o un moderno piso con vistas al mar, estamos aqu\u00ed para ayudarlo a encontrarlo. Nuestro equipo de expertos en alquileres estar\u00e1 encantado de asesorarlo en cada paso del proceso y responder a todas sus preguntas.<\/p><p>Adem\u00e1s, comprendemos la importancia de la ubicaci\u00f3n conveniente para su estilo de vida. Nuestras viviendas en alquiler se encuentran estrat\u00e9gicamente ubicadas cerca de servicios esenciales, como supermercados, escuelas, parques y transporte p\u00fablico. Queremos que su nuevo hogar no solo sea hermoso, sino tambi\u00e9n pr\u00e1ctico y c\u00f3modo.<\/p><p>No pierda la oportunidad de descubrir nuestra amplia selecci\u00f3n de viviendas en alquiler en la Comunidad Valenciana. Estamos seguros de que encontrar\u00e1 su hogar ideal entre nuestras opciones. Comience su b\u00fasqueda hoy mismo y d\u00e9jenos ayudarlo a hacer realidad su sue\u00f1o de tener un hogar perfecto en esta maravillosa regi\u00f3n.<\/p>\t\t\t\t\t\t<\/div>\n\t\t\t\t<\/div>\n\t\t\t\t\t<\/div>\n\t\t<\/div>\n\t\t\t\t\t\t\t<\/div>\n\t\t<\/section>\n\t\t\t\t<section class=\"elementor-section elementor-top-section elementor-element elementor-element-6589b10 elementor-section-boxed elementor-section-height-default elementor-section-height-default\" data-id=\"6589b10\" data-element_type=\"section\" data-settings=\"{&quot;background_background&quot;:&quot;classic&quot;}\">\n\t\t\t\t\t\t<div class=\"elementor-container elementor-column-gap-default\">\n\t\t\t\t\t<div class=\"elementor-column elementor-col-33 elementor-top-column elementor-element elementor-element-80b9a9b\" data-id=\"80b9a9b\" data-element_type=\"column\">\n\t\t\t<div class=\"elementor-widget-wrap elementor-element-populated\">\n\t\t\t\t\t\t\t\t<div class=\"elementor-element elementor-element-4adb5f5 elementor-widget elementor-widget-image\" data-id=\"4adb5f5\" data-element_type=\"widget\" data-widget_type=\"image.default\">\n\t\t\t\t<div class=\"elementor-widget-container\">\n\t\t\t<style>\/*! elementor - v3.13.3 - 28-05-2023 *\/\n.elementor-widget-image{text-align:center}.elementor-widget-image a{display:inline-block}.elementor-widget-image a img[src$=\".svg\"]{width:48px}.elementor-widget-image img{vertical-align:middle;display:inline-block}<\/style>\t\t\t\t\t\t\t\t\t\t\t\t<img decoding=\"async\" src=\"https:\/\/i0.wp.com\/rentahousebehappy.com\/wp-content\/uploads\/2023\/06\/Diseno-sin-titulo-2023-06-02T103250.317.webp?fit=500%2C360&amp;ssl=1\" title=\"Dise\u00f1o-sin-t\u00edtulo-2023-06-02T103250.317\" alt=\"Dise\u00f1o-sin-t\u00edtulo-2023-06-02T103250.317\" loading=\"lazy\" \/>\t\t\t\t\t\t\t\t\t\t\t\t\t\t\t<\/div>\n\t\t\t\t<\/div>\n\t\t\t\t\t<\/div>\n\t\t<\/div>\n\t\t\t\t<div class=\"elementor-column elementor-col-33 elementor-top-column elementor-element elementor-element-8276489\" data-id=\"8276489\" data-element_type=\"column\">\n\t\t\t<div class=\"elementor-widget-wrap\">\n\t\t\t\t\t\t\t\t\t<\/div>\n\t\t<\/div>\n\t\t\t\t<div class=\"elementor-column elementor-col-33 elementor-top-column elementor-element elementor-element-a12bfad\" data-id=\"a12bfad\" data-element_type=\"column\">\n\t\t\t<div class=\"elementor-widget-wrap elementor-element-populated\">\n\t\t\t\t\t\t\t\t<div class=\"elementor-element elementor-element-c10c3fc elementor-widget elementor-widget-image\" data-id=\"c10c3fc\" data-element_type=\"widget\" data-widget_type=\"image.default\">\n\t\t\t\t<div class=\"elementor-widget-container\">\n\t\t\t\t\t\t\t\t\t\t\t\t\t\t\t<img decoding=\"async\" src=\"https:\/\/i0.wp.com\/rentahousebehappy.com\/wp-content\/uploads\/2023\/06\/WhatsApp-Image-2023-06-02-at-11.20.29.webp?fit=500%2C360&amp;ssl=1\" title=\"WhatsApp Image 2023-06-02 at 11.20.29\" alt=\"WhatsApp Image 2023-06-02 at 11.20.29\" loading=\"lazy\" \/>\t\t\t\t\t\t\t\t\t\t\t\t\t\t\t<\/div>\n\t\t\t\t<\/div>\n\t\t\t\t\t<\/div>\n\t\t<\/div>\n\t\t\t\t\t\t\t<\/div>\n\t\t<\/section>\n\t\t\t\t<section class=\"elementor-section elementor-top-section elementor-element elementor-element-3oqzirn elementor-section-boxed elementor-section-height-default elementor-section-height-default\" data-id=\"3oqzirn\" data-element_type=\"section\" data-settings=\"{&quot;background_background&quot;:&quot;classic&quot;}\">\n\t\t\t\t\t\t\t<div class=\"elementor-background-overlay\"><\/div>\n\t\t\t\t\t\t\t<div class=\"elementor-container elementor-column-gap-no\">\n\t\t\t\t\t<div class=\"elementor-column elementor-col-100 elementor-top-column elementor-element elementor-element-75764c5\" data-id=\"75764c5\" data-element_type=\"column\">\n\t\t\t<div class=\"elementor-widget-wrap elementor-element-populated\">\n\t\t\t\t\t\t\t\t<div class=\"elementor-element elementor-element-a3030da elementor-widget elementor-widget-heading\" data-id=\"a3030da\" data-element_type=\"widget\" data-widget_type=\"heading.default\">\n\t\t\t\t<div class=\"elementor-widget-container\">\n\t\t\t<h6 class=\"elementor-heading-title elementor-size-default\">Otros Servicios<\/h6>\t\t<\/div>\n\t\t\t\t<\/div>\n\t\t\t\t<div class=\"elementor-element elementor-element-b9529bc elementor-widget__width-initial elementor-widget-tablet__width-initial elementor-widget-mobile__width-inherit elementor-position-top elementor-vertical-align-top elementor-widget elementor-widget-image-box\" data-id=\"b9529bc\" data-element_type=\"widget\" data-widget_type=\"image-box.default\">\n\t\t\t\t<div class=\"elementor-widget-container\">\n\t\t\t<style>\/*! elementor - v3.13.3 - 28-05-2023 *\/\n.elementor-widget-image-box .elementor-image-box-content{width:100%}@media (min-width:768px){.elementor-widget-image-box.elementor-position-left .elementor-image-box-wrapper,.elementor-widget-image-box.elementor-position-right .elementor-image-box-wrapper{display:flex}.elementor-widget-image-box.elementor-position-right .elementor-image-box-wrapper{text-align:right;flex-direction:row-reverse}.elementor-widget-image-box.elementor-position-left .elementor-image-box-wrapper{text-align:left;flex-direction:row}.elementor-widget-image-box.elementor-position-top .elementor-image-box-img{margin:auto}.elementor-widget-image-box.elementor-vertical-align-top .elementor-image-box-wrapper{align-items:flex-start}.elementor-widget-image-box.elementor-vertical-align-middle .elementor-image-box-wrapper{align-items:center}.elementor-widget-image-box.elementor-vertical-align-bottom .elementor-image-box-wrapper{align-items:flex-end}}@media (max-width:767px){.elementor-widget-image-box .elementor-image-box-img{margin-left:auto!important;margin-right:auto!important;margin-bottom:15px}}.elementor-widget-image-box .elementor-image-box-img{display:inline-block}.elementor-widget-image-box .elementor-image-box-title a{color:inherit}.elementor-widget-image-box .elementor-image-box-wrapper{text-align:center}.elementor-widget-image-box .elementor-image-box-description{margin:0}<\/style><div class=\"elementor-image-box-wrapper\"><figure class=\"elementor-image-box-img\"><a href=\"https:\/\/rentahousebehappy.com\/index.php\/reforma-de-viviendas-en-la-comunidad-valenciana-transforme-su-espacio-a-medida\/\"><img loading=\"lazy\" decoding=\"async\" width=\"2048\" height=\"1152\" src=\"https:\/\/i0.wp.com\/rentahousebehappy.com\/wp-content\/uploads\/2023\/06\/20160619_203349-2048x1152-1.webp?fit=2048%2C1152&amp;ssl=1\" class=\"attachment-full size-full wp-image-999\" alt=\"\" srcset=\"https:\/\/i0.wp.com\/rentahousebehappy.com\/wp-content\/uploads\/2023\/06\/20160619_203349-2048x1152-1.webp?w=2048&amp;ssl=1 2048w, https:\/\/i0.wp.com\/rentahousebehappy.com\/wp-content\/uploads\/2023\/06\/20160619_203349-2048x1152-1.webp?resize=300%2C169&amp;ssl=1 300w, https:\/\/i0.wp.com\/rentahousebehappy.com\/wp-content\/uploads\/2023\/06\/20160619_203349-2048x1152-1.webp?resize=1024%2C576&amp;ssl=1 1024w, https:\/\/i0.wp.com\/rentahousebehappy.com\/wp-content\/uploads\/2023\/06\/20160619_203349-2048x1152-1.webp?resize=768%2C432&amp;ssl=1 768w, https:\/\/i0.wp.com\/rentahousebehappy.com\/wp-content\/uploads\/2023\/06\/20160619_203349-2048x1152-1.webp?resize=1536%2C864&amp;ssl=1 1536w\" sizes=\"auto, (max-width: 1000px) 100vw, 1000px\" \/><\/a><\/figure><div class=\"elementor-image-box-content\"><h4 class=\"elementor-image-box-title\"><a href=\"https:\/\/rentahousebehappy.com\/index.php\/reforma-de-viviendas-en-la-comunidad-valenciana-transforme-su-espacio-a-medida\/\">Reforma de Viviendas en la Comunidad Valenciana: Transforme su Espacio a Medida\u200b<\/a><\/h4><p class=\"elementor-image-box-description\">Transforme su vivienda con nuestro servicio de reforma en la Comunidad Valenciana. Nuestro equipo especializado en construcci\u00f3n y remodelaci\u00f3n personaliza su espacio, ofreciendo soluciones a medida para lograr una vivienda renovada y funcional, adaptada a sus necesidades y gustos.\u200b<\/p><\/div><\/div>\t\t<\/div>\n\t\t\t\t<\/div>\n\t\t\t\t<div class=\"elementor-element elementor-element-ff6dc9f elementor-widget__width-initial elementor-widget-tablet__width-initial elementor-widget-mobile__width-inherit elementor-position-top elementor-vertical-align-top elementor-widget elementor-widget-image-box\" data-id=\"ff6dc9f\" data-element_type=\"widget\" data-widget_type=\"image-box.default\">\n\t\t\t\t<div class=\"elementor-widget-container\">\n\t\t\t<div class=\"elementor-image-box-wrapper\"><figure class=\"elementor-image-box-img\"><a href=\"https:\/\/rentahousebehappy.com\/index.php\/preparacion-de-viviendas-para-alquiler-mejore-el-atractivo-de-su-propiedad\/\"><img loading=\"lazy\" decoding=\"async\" width=\"1024\" height=\"768\" src=\"https:\/\/i0.wp.com\/rentahousebehappy.com\/wp-content\/uploads\/2023\/06\/WhatsApp-Image-2023-06-02-at-11.05.47-1.webp?fit=1024%2C768&amp;ssl=1\" class=\"attachment-full size-full wp-image-1017\" alt=\"\" srcset=\"https:\/\/i0.wp.com\/rentahousebehappy.com\/wp-content\/uploads\/2023\/06\/WhatsApp-Image-2023-06-02-at-11.05.47-1.webp?w=1024&amp;ssl=1 1024w, https:\/\/i0.wp.com\/rentahousebehappy.com\/wp-content\/uploads\/2023\/06\/WhatsApp-Image-2023-06-02-at-11.05.47-1.webp?resize=300%2C225&amp;ssl=1 300w, https:\/\/i0.wp.com\/rentahousebehappy.com\/wp-content\/uploads\/2023\/06\/WhatsApp-Image-2023-06-02-at-11.05.47-1.webp?resize=768%2C576&amp;ssl=1 768w\" sizes=\"auto, (max-width: 1000px) 100vw, 1000px\" \/><\/a><\/figure><div class=\"elementor-image-box-content\"><h4 class=\"elementor-image-box-title\"><a href=\"https:\/\/rentahousebehappy.com\/index.php\/preparacion-de-viviendas-para-alquiler-mejore-el-atractivo-de-su-propiedad\/\">Preparaci\u00f3n de Viviendas para Alquiler: Mejore el Atractivo de su Propiedad\u200b<\/a><\/h4><p class=\"elementor-image-box-description\"> Optimice su propiedad para el alquiler con nuestro servicio profesional de preparaci\u00f3n de viviendas. Mejoramos el dise\u00f1o de interiores, realizamos reparaciones y presentamos su espacio de manera impecable, para atraer r\u00e1pidamente a potenciales inquilinos y lograr un alquiler competitivo.\u200b<\/p><\/div><\/div>\t\t<\/div>\n\t\t\t\t<\/div>\n\t\t\t\t\t<\/div>\n\t\t<\/div>\n\t\t\t\t\t\t\t<\/div>\n\t\t<\/section>\n\t\t\t\t\t\t\t<\/div>\n\t\t","protected":false},"excerpt":{"rendered":"<p>Alquiler de Viviendas en la Comunidad Valenciana: Encuentre su Hogar Ideal Bienvenido al emocionante mundo del alquiler de viviendas en la hermosa Comunidad Valenciana. En nuestra agencia, nos enorgullece presentarle una amplia selecci\u00f3n de opciones para que encuentre su hogar ideal. Nuestra misi\u00f3n es ayudarlo a descubrir la vivienda perfecta que se adapte a sus &hellip;<\/p>\n<p class=\"read-more\"> <a class=\"\" href=\"https:\/\/rentahousebehappy.com\/index.php\/alquiler-de-viviendas-en-la-comunidad-valenciana-encuentre-su-hogar-ideal\/\"> <span class=\"screen-reader-text\">Alquiler de Viviendas en la Comunidad Valenciana: Encuentre su Hogar Ideal\u200b<\/span> Leer m\u00e1s &raquo;<\/a><\/p>\n","protected":false},"author":1,"featured_media":0,"parent":0,"menu_order":0,"comment_status":"closed","ping_status":"closed","template":"","meta":{"site-sidebar-layout":"no-sidebar","site-content-layout":"page-builder","ast-global-header-display":"","ast-banner-title-visibility":"","ast-main-header-display":"","ast-hfb-above-header-display":"","ast-hfb-below-header-display":"","ast-hfb-mobile-header-display":"","site-post-title":"disabled","ast-breadcrumbs-content":"","ast-featured-img":"disabled","footer-sml-layout":"","theme-transparent-header-meta":"","adv-header-id-meta":"","stick-header-meta":"","header-above-stick-meta":"","header-main-stick-meta":"","header-below-stick-meta":"","footnotes":""},"class_list":["post-1080","page","type-page","status-publish","hentry"],"_links":{"self":[{"href":"https:\/\/rentahousebehappy.com\/index.php\/wp-json\/wp\/v2\/pages\/1080","targetHints":{"allow":["GET"]}}],"collection":[{"href":"https:\/\/rentahousebehappy.com\/index.php\/wp-json\/wp\/v2\/pages"}],"about":[{"href":"https:\/\/rentahousebehappy.com\/index.php\/wp-json\/wp\/v2\/types\/page"}],"author":[{"embeddable":true,"href":"https:\/\/rentahousebehappy.com\/index.php\/wp-json\/wp\/v2\/users\/1"}],"replies":[{"embeddable":true,"href":"https:\/\/rentahousebehappy.com\/index.php\/wp-json\/wp\/v2\/comments?post=1080"}],"version-history":[{"count":16,"href":"https:\/\/rentahousebehappy.com\/index.php\/wp-json\/wp\/v2\/pages\/1080\/revisions"}],"predecessor-version":[{"id":1119,"href":"https:\/\/rentahousebehappy.com\/index.php\/wp-json\/wp\/v2\/pages\/1080\/revisions\/1119"}],"wp:attachment":[{"href":"https:\/\/rentahousebehappy.com\/index.php\/wp-json\/wp\/v2\/media?parent=1080"}],"curies":[{"name":"wp","href":"https:\/\/api.w.org\/{rel}","templated":true}]}}