{"id":1103,"date":"2023-06-05T08:18:09","date_gmt":"2023-06-05T08:18:09","guid":{"rendered":"https:\/\/optimizingtheworld.com\/rentahouse\/?page_id=1103"},"modified":"2023-06-05T08:20:03","modified_gmt":"2023-06-05T08:20:03","slug":"preparacion-de-viviendas-para-alquiler-mejore-el-atractivo-de-su-propiedad","status":"publish","type":"page","link":"https:\/\/rentahousebehappy.com\/index.php\/preparacion-de-viviendas-para-alquiler-mejore-el-atractivo-de-su-propiedad\/","title":{"rendered":"Preparaci\u00f3n de Viviendas para Alquiler: Mejore el Atractivo de su Propiedad\u200b"},"content":{"rendered":"\t\t<div data-elementor-type=\"wp-page\" data-elementor-id=\"1103\" class=\"elementor elementor-1103\">\n\t\t\t\t\t\t\t\t\t<section class=\"elementor-section elementor-top-section elementor-element elementor-element-un5yoe6 elementor-section-boxed elementor-section-height-default elementor-section-height-default\" data-id=\"un5yoe6\" data-element_type=\"section\" data-settings=\"{&quot;background_background&quot;:&quot;classic&quot;}\">\n\t\t\t\t\t\t\t<div class=\"elementor-background-overlay\"><\/div>\n\t\t\t\t\t\t\t<div class=\"elementor-container elementor-column-gap-no\">\n\t\t\t\t\t<div class=\"elementor-column elementor-col-100 elementor-top-column elementor-element elementor-element-21ddeff\" data-id=\"21ddeff\" data-element_type=\"column\">\n\t\t\t<div class=\"elementor-widget-wrap elementor-element-populated\">\n\t\t\t\t\t\t\t\t<div class=\"elementor-element elementor-element-a09d3bc elementor-widget elementor-widget-heading\" data-id=\"a09d3bc\" data-element_type=\"widget\" data-widget_type=\"heading.default\">\n\t\t\t\t<div class=\"elementor-widget-container\">\n\t\t\t<style>\/*! elementor - v3.13.3 - 28-05-2023 *\/\n.elementor-heading-title{padding:0;margin:0;line-height:1}.elementor-widget-heading .elementor-heading-title[class*=elementor-size-]>a{color:inherit;font-size:inherit;line-height:inherit}.elementor-widget-heading .elementor-heading-title.elementor-size-small{font-size:15px}.elementor-widget-heading .elementor-heading-title.elementor-size-medium{font-size:19px}.elementor-widget-heading .elementor-heading-title.elementor-size-large{font-size:29px}.elementor-widget-heading .elementor-heading-title.elementor-size-xl{font-size:39px}.elementor-widget-heading .elementor-heading-title.elementor-size-xxl{font-size:59px}<\/style><h1 class=\"elementor-heading-title elementor-size-default\">Preparaci\u00f3n de Viviendas para Alquiler: Mejore el Atractivo de su Propiedad\u200b<\/h1>\t\t<\/div>\n\t\t\t\t<\/div>\n\t\t\t\t\t<\/div>\n\t\t<\/div>\n\t\t\t\t\t\t\t<\/div>\n\t\t<\/section>\n\t\t\t\t<section class=\"elementor-section elementor-top-section elementor-element elementor-element-7fe5075 elementor-section-boxed elementor-section-height-default elementor-section-height-default\" data-id=\"7fe5075\" data-element_type=\"section\" data-settings=\"{&quot;background_background&quot;:&quot;classic&quot;}\">\n\t\t\t\t\t\t<div class=\"elementor-container elementor-column-gap-default\">\n\t\t\t\t\t<div class=\"elementor-column elementor-col-100 elementor-top-column elementor-element elementor-element-4ee0f91\" data-id=\"4ee0f91\" data-element_type=\"column\">\n\t\t\t<div class=\"elementor-widget-wrap elementor-element-populated\">\n\t\t\t\t\t\t\t\t<div class=\"elementor-element elementor-element-df56011 elementor-widget elementor-widget-spacer\" data-id=\"df56011\" data-element_type=\"widget\" data-widget_type=\"spacer.default\">\n\t\t\t\t<div class=\"elementor-widget-container\">\n\t\t\t<style>\/*! elementor - v3.13.3 - 28-05-2023 *\/\n.elementor-column .elementor-spacer-inner{height:var(--spacer-size)}.e-con{--container-widget-width:100%}.e-con-inner>.elementor-widget-spacer,.e-con>.elementor-widget-spacer{width:var(--container-widget-width,var(--spacer-size));--align-self:var(--container-widget-align-self,initial);--flex-shrink:0}.e-con-inner>.elementor-widget-spacer>.elementor-widget-container,.e-con-inner>.elementor-widget-spacer>.elementor-widget-container>.elementor-spacer,.e-con>.elementor-widget-spacer>.elementor-widget-container,.e-con>.elementor-widget-spacer>.elementor-widget-container>.elementor-spacer{height:100%}.e-con-inner>.elementor-widget-spacer>.elementor-widget-container>.elementor-spacer>.elementor-spacer-inner,.e-con>.elementor-widget-spacer>.elementor-widget-container>.elementor-spacer>.elementor-spacer-inner{height:var(--container-widget-height,var(--spacer-size))}<\/style>\t\t<div class=\"elementor-spacer\">\n\t\t\t<div class=\"elementor-spacer-inner\"><\/div>\n\t\t<\/div>\n\t\t\t\t<\/div>\n\t\t\t\t<\/div>\n\t\t\t\t<div class=\"elementor-element elementor-element-04a1adb elementor-widget elementor-widget-text-editor\" data-id=\"04a1adb\" data-element_type=\"widget\" data-widget_type=\"text-editor.default\">\n\t\t\t\t<div class=\"elementor-widget-container\">\n\t\t\t<style>\/*! elementor - v3.13.3 - 28-05-2023 *\/\n.elementor-widget-text-editor.elementor-drop-cap-view-stacked .elementor-drop-cap{background-color:#69727d;color:#fff}.elementor-widget-text-editor.elementor-drop-cap-view-framed .elementor-drop-cap{color:#69727d;border:3px solid;background-color:transparent}.elementor-widget-text-editor:not(.elementor-drop-cap-view-default) .elementor-drop-cap{margin-top:8px}.elementor-widget-text-editor:not(.elementor-drop-cap-view-default) .elementor-drop-cap-letter{width:1em;height:1em}.elementor-widget-text-editor .elementor-drop-cap{float:left;text-align:center;line-height:1;font-size:50px}.elementor-widget-text-editor .elementor-drop-cap-letter{display:inline-block}<\/style>\t\t\t\t<p><br \/>En nuestra empresa, entendemos la importancia de maximizar el potencial de su propiedad y garantizar que sea altamente atractiva para los posibles inquilinos. Nuestro servicio profesional de preparaci\u00f3n de viviendas est\u00e1 dise\u00f1ado espec\u00edficamente para ayudarlo a lograr exactamente eso: mejorar el atractivo de su propiedad y destacarla en el mercado del alquiler.<\/p><p>Nuestro equipo de expertos en dise\u00f1o de interiores se encargar\u00e1 de transformar su propiedad en un espacio moderno, acogedor y funcional. Utilizamos t\u00e9cnicas probadas y conocimientos especializados para optimizar el dise\u00f1o de interiores, seleccionar colores y materiales que atraigan a los inquilinos y crear una atm\u00f3sfera atractiva en cada habitaci\u00f3n. Ya sea que su propiedad sea una casa, un apartamento o un condominio, trabajaremos en estrecha colaboraci\u00f3n con usted para comprender sus necesidades y preferencias, y luego aplicaremos nuestro conocimiento para realzar la belleza de su espacio.<\/p><p>Adem\u00e1s de mejorar el dise\u00f1o de interiores, tambi\u00e9n nos ocupamos de todas las reparaciones necesarias en su propiedad. Desde arreglos menores hasta remodelaciones m\u00e1s extensas, nuestro equipo de expertos en mantenimiento se asegurar\u00e1 de que todo est\u00e9 en perfectas condiciones antes de mostrar su propiedad a los posibles inquilinos. Sabemos que los detalles importan, por lo que nos aseguraremos de que no haya problemas estructurales, fugas, grietas o cualquier otro problema que pueda afectar la apariencia o la funcionalidad de su propiedad.<\/p><p>Una vez que hayamos optimizado el dise\u00f1o de interiores y realizado las reparaciones necesarias, nos enfocamos en presentar su espacio de manera impecable. Realizamos una limpieza exhaustiva y profunda en cada rinc\u00f3n de la propiedad, asegur\u00e1ndonos de que todo est\u00e9 impecablemente limpio y ordenado. Tambi\u00e9n nos encargamos de la decoraci\u00f3n, seleccionando cuidadosamente elementos que realcen la est\u00e9tica general de su propiedad y la hagan m\u00e1s atractiva para los posibles inquilinos.<\/p><p>Nuestro objetivo principal es ayudarlo a atraer r\u00e1pidamente a potenciales inquilinos y lograr un alquiler competitivo para su propiedad. Entendemos que el mercado del alquiler puede ser altamente competitivo, y es por eso que nos esforzamos por hacer que su propiedad se destaque entre la multitud. Con nuestra experiencia en la preparaci\u00f3n de viviendas para alquiler, podemos ayudarlo a crear una primera impresi\u00f3n positiva y duradera en los posibles inquilinos, lo que aumentar\u00e1 las posibilidades de alquilar su propiedad r\u00e1pidamente y a un precio justo.<\/p><p>No pierda la oportunidad de optimizar el atractivo de su propiedad y aumentar su potencial de alquiler. Cont\u00e1ctenos hoy mismo y perm\u00edtanos ayudarlo a trav\u00e9s de nuestro servicio profesional de preparaci\u00f3n de viviendas. Conf\u00ede en nuestra experiencia y conocimientos para mejorar el dise\u00f1o de interiores, realizar reparaciones y presentar su espacio de manera impecable. Estamos aqu\u00ed para brindarle un servicio integral que maximizar\u00e1 el valor de su propiedad en el mercado del alquiler.<\/p>\t\t\t\t\t\t<\/div>\n\t\t\t\t<\/div>\n\t\t\t\t\t<\/div>\n\t\t<\/div>\n\t\t\t\t\t\t\t<\/div>\n\t\t<\/section>\n\t\t\t\t<section class=\"elementor-section elementor-top-section elementor-element elementor-element-3fac7df elementor-section-boxed elementor-section-height-default elementor-section-height-default\" data-id=\"3fac7df\" data-element_type=\"section\" data-settings=\"{&quot;background_background&quot;:&quot;classic&quot;}\">\n\t\t\t\t\t\t<div class=\"elementor-container elementor-column-gap-default\">\n\t\t\t\t\t<div class=\"elementor-column elementor-col-33 elementor-top-column elementor-element elementor-element-2d2ff97\" data-id=\"2d2ff97\" data-element_type=\"column\">\n\t\t\t<div class=\"elementor-widget-wrap elementor-element-populated\">\n\t\t\t\t\t\t\t\t<div class=\"elementor-element elementor-element-2157110 elementor-widget elementor-widget-image\" data-id=\"2157110\" data-element_type=\"widget\" data-widget_type=\"image.default\">\n\t\t\t\t<div class=\"elementor-widget-container\">\n\t\t\t<style>\/*! elementor - v3.13.3 - 28-05-2023 *\/\n.elementor-widget-image{text-align:center}.elementor-widget-image a{display:inline-block}.elementor-widget-image a img[src$=\".svg\"]{width:48px}.elementor-widget-image img{vertical-align:middle;display:inline-block}<\/style>\t\t\t\t\t\t\t\t\t\t\t\t<img decoding=\"async\" src=\"https:\/\/i0.wp.com\/rentahousebehappy.com\/wp-content\/uploads\/2023\/06\/20160415_175230-scaled.webp?fit=500%2C360&amp;ssl=1\" title=\"20160415_175230\" alt=\"20160415_175230\" loading=\"lazy\" \/>\t\t\t\t\t\t\t\t\t\t\t\t\t\t\t<\/div>\n\t\t\t\t<\/div>\n\t\t\t\t\t<\/div>\n\t\t<\/div>\n\t\t\t\t<div class=\"elementor-column elementor-col-33 elementor-top-column elementor-element elementor-element-97413ab\" data-id=\"97413ab\" data-element_type=\"column\">\n\t\t\t<div class=\"elementor-widget-wrap\">\n\t\t\t\t\t\t\t\t\t<\/div>\n\t\t<\/div>\n\t\t\t\t<div class=\"elementor-column elementor-col-33 elementor-top-column elementor-element elementor-element-ea69f63\" data-id=\"ea69f63\" data-element_type=\"column\">\n\t\t\t<div class=\"elementor-widget-wrap elementor-element-populated\">\n\t\t\t\t\t\t\t\t<div class=\"elementor-element elementor-element-d8d0e4a elementor-widget elementor-widget-image\" data-id=\"d8d0e4a\" data-element_type=\"widget\" data-widget_type=\"image.default\">\n\t\t\t\t<div class=\"elementor-widget-container\">\n\t\t\t\t\t\t\t\t\t\t\t\t\t\t\t<img decoding=\"async\" src=\"https:\/\/i0.wp.com\/rentahousebehappy.com\/wp-content\/uploads\/2023\/06\/WhatsApp-Image-2023-06-02-at-11.05.47-1.webp?fit=500%2C360&amp;ssl=1\" title=\"WhatsApp Image 2023-06-02 at 11.05.47 (1)\" alt=\"WhatsApp Image 2023-06-02 at 11.05.47 (1)\" loading=\"lazy\" \/>\t\t\t\t\t\t\t\t\t\t\t\t\t\t\t<\/div>\n\t\t\t\t<\/div>\n\t\t\t\t\t<\/div>\n\t\t<\/div>\n\t\t\t\t\t\t\t<\/div>\n\t\t<\/section>\n\t\t\t\t<section class=\"elementor-section elementor-top-section elementor-element elementor-element-om82872 elementor-section-boxed elementor-section-height-default elementor-section-height-default\" data-id=\"om82872\" data-element_type=\"section\" data-settings=\"{&quot;background_background&quot;:&quot;classic&quot;}\">\n\t\t\t\t\t\t\t<div class=\"elementor-background-overlay\"><\/div>\n\t\t\t\t\t\t\t<div class=\"elementor-container elementor-column-gap-no\">\n\t\t\t\t\t<div class=\"elementor-column elementor-col-100 elementor-top-column elementor-element elementor-element-75764c5\" data-id=\"75764c5\" data-element_type=\"column\">\n\t\t\t<div class=\"elementor-widget-wrap elementor-element-populated\">\n\t\t\t\t\t\t\t\t<div class=\"elementor-element elementor-element-a3030da elementor-widget elementor-widget-heading\" data-id=\"a3030da\" data-element_type=\"widget\" data-widget_type=\"heading.default\">\n\t\t\t\t<div class=\"elementor-widget-container\">\n\t\t\t<h6 class=\"elementor-heading-title elementor-size-default\">Otros Servicios<\/h6>\t\t<\/div>\n\t\t\t\t<\/div>\n\t\t\t\t<div class=\"elementor-element elementor-element-b9529bc elementor-widget__width-initial elementor-widget-tablet__width-initial elementor-widget-mobile__width-inherit elementor-position-top elementor-vertical-align-top elementor-widget elementor-widget-image-box\" data-id=\"b9529bc\" data-element_type=\"widget\" data-widget_type=\"image-box.default\">\n\t\t\t\t<div class=\"elementor-widget-container\">\n\t\t\t<style>\/*! elementor - v3.13.3 - 28-05-2023 *\/\n.elementor-widget-image-box .elementor-image-box-content{width:100%}@media (min-width:768px){.elementor-widget-image-box.elementor-position-left .elementor-image-box-wrapper,.elementor-widget-image-box.elementor-position-right .elementor-image-box-wrapper{display:flex}.elementor-widget-image-box.elementor-position-right .elementor-image-box-wrapper{text-align:right;flex-direction:row-reverse}.elementor-widget-image-box.elementor-position-left .elementor-image-box-wrapper{text-align:left;flex-direction:row}.elementor-widget-image-box.elementor-position-top .elementor-image-box-img{margin:auto}.elementor-widget-image-box.elementor-vertical-align-top .elementor-image-box-wrapper{align-items:flex-start}.elementor-widget-image-box.elementor-vertical-align-middle .elementor-image-box-wrapper{align-items:center}.elementor-widget-image-box.elementor-vertical-align-bottom .elementor-image-box-wrapper{align-items:flex-end}}@media (max-width:767px){.elementor-widget-image-box .elementor-image-box-img{margin-left:auto!important;margin-right:auto!important;margin-bottom:15px}}.elementor-widget-image-box .elementor-image-box-img{display:inline-block}.elementor-widget-image-box .elementor-image-box-title a{color:inherit}.elementor-widget-image-box .elementor-image-box-wrapper{text-align:center}.elementor-widget-image-box .elementor-image-box-description{margin:0}<\/style><div class=\"elementor-image-box-wrapper\"><figure class=\"elementor-image-box-img\"><a href=\"https:\/\/rentahousebehappy.com\/index.php\/reforma-de-viviendas-en-la-comunidad-valenciana-transforme-su-espacio-a-medida\/\"><img loading=\"lazy\" decoding=\"async\" width=\"2048\" height=\"1152\" src=\"https:\/\/i0.wp.com\/rentahousebehappy.com\/wp-content\/uploads\/2023\/06\/20160619_203349-2048x1152-1.webp?fit=2048%2C1152&amp;ssl=1\" class=\"attachment-full size-full wp-image-999\" alt=\"\" srcset=\"https:\/\/i0.wp.com\/rentahousebehappy.com\/wp-content\/uploads\/2023\/06\/20160619_203349-2048x1152-1.webp?w=2048&amp;ssl=1 2048w, https:\/\/i0.wp.com\/rentahousebehappy.com\/wp-content\/uploads\/2023\/06\/20160619_203349-2048x1152-1.webp?resize=300%2C169&amp;ssl=1 300w, https:\/\/i0.wp.com\/rentahousebehappy.com\/wp-content\/uploads\/2023\/06\/20160619_203349-2048x1152-1.webp?resize=1024%2C576&amp;ssl=1 1024w, https:\/\/i0.wp.com\/rentahousebehappy.com\/wp-content\/uploads\/2023\/06\/20160619_203349-2048x1152-1.webp?resize=768%2C432&amp;ssl=1 768w, https:\/\/i0.wp.com\/rentahousebehappy.com\/wp-content\/uploads\/2023\/06\/20160619_203349-2048x1152-1.webp?resize=1536%2C864&amp;ssl=1 1536w\" sizes=\"auto, (max-width: 1000px) 100vw, 1000px\" \/><\/a><\/figure><div class=\"elementor-image-box-content\"><h4 class=\"elementor-image-box-title\"><a href=\"https:\/\/rentahousebehappy.com\/index.php\/reforma-de-viviendas-en-la-comunidad-valenciana-transforme-su-espacio-a-medida\/\">Reforma de Viviendas en la Comunidad Valenciana: Transforme su Espacio a Medida\u200b<\/a><\/h4><p class=\"elementor-image-box-description\">Transforme su vivienda con nuestro servicio de reforma en la Comunidad Valenciana. Nuestro equipo especializado en construcci\u00f3n y remodelaci\u00f3n personaliza su espacio, ofreciendo soluciones a medida para lograr una vivienda renovada y funcional, adaptada a sus necesidades y gustos.\u200b<\/p><\/div><\/div>\t\t<\/div>\n\t\t\t\t<\/div>\n\t\t\t\t<div class=\"elementor-element elementor-element-24b722c elementor-widget__width-initial elementor-widget-tablet__width-initial elementor-widget-mobile__width-inherit elementor-position-top elementor-vertical-align-top elementor-widget elementor-widget-image-box\" data-id=\"24b722c\" data-element_type=\"widget\" data-widget_type=\"image-box.default\">\n\t\t\t\t<div class=\"elementor-widget-container\">\n\t\t\t<div class=\"elementor-image-box-wrapper\"><figure class=\"elementor-image-box-img\"><a href=\"https:\/\/rentahousebehappy.com\/index.php\/alquiler-de-viviendas-en-la-comunidad-valenciana-encuentre-su-hogar-ideal\/\"><img loading=\"lazy\" decoding=\"async\" width=\"1024\" height=\"768\" src=\"https:\/\/i0.wp.com\/rentahousebehappy.com\/wp-content\/uploads\/2023\/06\/WhatsApp-Image-2023-06-02-at-11.20.29.webp?fit=1024%2C768&amp;ssl=1\" class=\"attachment-full size-full wp-image-1021\" alt=\"\" srcset=\"https:\/\/i0.wp.com\/rentahousebehappy.com\/wp-content\/uploads\/2023\/06\/WhatsApp-Image-2023-06-02-at-11.20.29.webp?w=1024&amp;ssl=1 1024w, https:\/\/i0.wp.com\/rentahousebehappy.com\/wp-content\/uploads\/2023\/06\/WhatsApp-Image-2023-06-02-at-11.20.29.webp?resize=300%2C225&amp;ssl=1 300w, https:\/\/i0.wp.com\/rentahousebehappy.com\/wp-content\/uploads\/2023\/06\/WhatsApp-Image-2023-06-02-at-11.20.29.webp?resize=768%2C576&amp;ssl=1 768w\" sizes=\"auto, (max-width: 1000px) 100vw, 1000px\" \/><\/a><\/figure><div class=\"elementor-image-box-content\"><h4 class=\"elementor-image-box-title\"><a href=\"https:\/\/rentahousebehappy.com\/index.php\/alquiler-de-viviendas-en-la-comunidad-valenciana-encuentre-su-hogar-ideal\/\">Alquiler de Viviendas en la Comunidad Valenciana: Encuentre su Hogar Ideal\u200b<\/a><\/h4><p class=\"elementor-image-box-description\">Descubra nuestra amplia selecci\u00f3n de viviendas en alquiler en la Comunidad Valenciana. Encuentre su hogar ideal entre nuestras opciones de casas, apartamentos y pisos disponibles, con ubicaciones convenientes y comodidades destacadas.\u200b<\/p><\/div><\/div>\t\t<\/div>\n\t\t\t\t<\/div>\n\t\t\t\t\t<\/div>\n\t\t<\/div>\n\t\t\t\t\t\t\t<\/div>\n\t\t<\/section>\n\t\t\t\t\t\t\t<\/div>\n\t\t","protected":false},"excerpt":{"rendered":"<p>Preparaci\u00f3n de Viviendas para Alquiler: Mejore el Atractivo de su Propiedad\u200b En nuestra empresa, entendemos la importancia de maximizar el potencial de su propiedad y garantizar que sea altamente atractiva para los posibles inquilinos. Nuestro servicio profesional de preparaci\u00f3n de viviendas est\u00e1 dise\u00f1ado espec\u00edficamente para ayudarlo a lograr exactamente eso: mejorar el atractivo de su &hellip;<\/p>\n<p class=\"read-more\"> <a class=\"\" href=\"https:\/\/rentahousebehappy.com\/index.php\/preparacion-de-viviendas-para-alquiler-mejore-el-atractivo-de-su-propiedad\/\"> <span class=\"screen-reader-text\">Preparaci\u00f3n de Viviendas para Alquiler: Mejore el Atractivo de su Propiedad\u200b<\/span> Leer m\u00e1s &raquo;<\/a><\/p>\n","protected":false},"author":1,"featured_media":0,"parent":0,"menu_order":0,"comment_status":"closed","ping_status":"closed","template":"","meta":{"site-sidebar-layout":"no-sidebar","site-content-layout":"page-builder","ast-global-header-display":"","ast-banner-title-visibility":"","ast-main-header-display":"","ast-hfb-above-header-display":"","ast-hfb-below-header-display":"","ast-hfb-mobile-header-display":"","site-post-title":"disabled","ast-breadcrumbs-content":"","ast-featured-img":"disabled","footer-sml-layout":"","theme-transparent-header-meta":"","adv-header-id-meta":"","stick-header-meta":"","header-above-stick-meta":"","header-main-stick-meta":"","header-below-stick-meta":"","footnotes":""},"class_list":["post-1103","page","type-page","status-publish","hentry"],"_links":{"self":[{"href":"https:\/\/rentahousebehappy.com\/index.php\/wp-json\/wp\/v2\/pages\/1103","targetHints":{"allow":["GET"]}}],"collection":[{"href":"https:\/\/rentahousebehappy.com\/index.php\/wp-json\/wp\/v2\/pages"}],"about":[{"href":"https:\/\/rentahousebehappy.com\/index.php\/wp-json\/wp\/v2\/types\/page"}],"author":[{"embeddable":true,"href":"https:\/\/rentahousebehappy.com\/index.php\/wp-json\/wp\/v2\/users\/1"}],"replies":[{"embeddable":true,"href":"https:\/\/rentahousebehappy.com\/index.php\/wp-json\/wp\/v2\/comments?post=1103"}],"version-history":[{"count":4,"href":"https:\/\/rentahousebehappy.com\/index.php\/wp-json\/wp\/v2\/pages\/1103\/revisions"}],"predecessor-version":[{"id":1107,"href":"https:\/\/rentahousebehappy.com\/index.php\/wp-json\/wp\/v2\/pages\/1103\/revisions\/1107"}],"wp:attachment":[{"href":"https:\/\/rentahousebehappy.com\/index.php\/wp-json\/wp\/v2\/media?parent=1103"}],"curies":[{"name":"wp","href":"https:\/\/api.w.org\/{rel}","templated":true}]}}