{"id":1331,"date":"2023-06-20T08:37:50","date_gmt":"2023-06-20T08:37:50","guid":{"rendered":"https:\/\/optimizingtheworld.com\/rentahouse\/?page_id=1331"},"modified":"2023-06-20T09:00:46","modified_gmt":"2023-06-20T09:00:46","slug":"poner-viviendas","status":"publish","type":"page","link":"https:\/\/rentahousebehappy.com\/index.php\/poner-viviendas\/","title":{"rendered":"Poner Viviendas"},"content":{"rendered":"\t\t<div data-elementor-type=\"wp-page\" data-elementor-id=\"1331\" class=\"elementor elementor-1331\">\n\t\t\t\t\t\t\t\t\t<section class=\"elementor-section elementor-top-section elementor-element elementor-element-613e36c elementor-section-boxed elementor-section-height-default elementor-section-height-default\" data-id=\"613e36c\" data-element_type=\"section\">\n\t\t\t\t\t\t<div class=\"elementor-container elementor-column-gap-default\">\n\t\t\t\t\t<div class=\"elementor-column elementor-col-100 elementor-top-column elementor-element elementor-element-1f2828b\" data-id=\"1f2828b\" data-element_type=\"column\">\n\t\t\t<div class=\"elementor-widget-wrap elementor-element-populated\">\n\t\t\t\t\t\t\t\t<div class=\"elementor-element elementor-element-aea3c91 elementor-widget elementor-widget-spacer\" data-id=\"aea3c91\" data-element_type=\"widget\" data-widget_type=\"spacer.default\">\n\t\t\t\t<div class=\"elementor-widget-container\">\n\t\t\t<style>\/*! elementor - v3.13.3 - 28-05-2023 *\/\n.elementor-column .elementor-spacer-inner{height:var(--spacer-size)}.e-con{--container-widget-width:100%}.e-con-inner>.elementor-widget-spacer,.e-con>.elementor-widget-spacer{width:var(--container-widget-width,var(--spacer-size));--align-self:var(--container-widget-align-self,initial);--flex-shrink:0}.e-con-inner>.elementor-widget-spacer>.elementor-widget-container,.e-con-inner>.elementor-widget-spacer>.elementor-widget-container>.elementor-spacer,.e-con>.elementor-widget-spacer>.elementor-widget-container,.e-con>.elementor-widget-spacer>.elementor-widget-container>.elementor-spacer{height:100%}.e-con-inner>.elementor-widget-spacer>.elementor-widget-container>.elementor-spacer>.elementor-spacer-inner,.e-con>.elementor-widget-spacer>.elementor-widget-container>.elementor-spacer>.elementor-spacer-inner{height:var(--container-widget-height,var(--spacer-size))}<\/style>\t\t<div class=\"elementor-spacer\">\n\t\t\t<div class=\"elementor-spacer-inner\"><\/div>\n\t\t<\/div>\n\t\t\t\t<\/div>\n\t\t\t\t<\/div>\n\t\t\t\t\t<\/div>\n\t\t<\/div>\n\t\t\t\t\t\t\t<\/div>\n\t\t<\/section>\n\t\t\t\t<section class=\"elementor-section elementor-top-section elementor-element elementor-element-878bd04 elementor-section-boxed elementor-section-height-default elementor-section-height-default\" data-id=\"878bd04\" data-element_type=\"section\">\n\t\t\t\t\t\t<div class=\"elementor-container elementor-column-gap-default\">\n\t\t\t\t\t<div class=\"elementor-column elementor-col-100 elementor-top-column elementor-element elementor-element-511041b\" data-id=\"511041b\" data-element_type=\"column\">\n\t\t\t<div class=\"elementor-widget-wrap elementor-element-populated\">\n\t\t\t\t\t\t\t\t<div class=\"elementor-element elementor-element-3928d44 elementor-widget elementor-widget-heading\" data-id=\"3928d44\" data-element_type=\"widget\" data-widget_type=\"heading.default\">\n\t\t\t\t<div class=\"elementor-widget-container\">\n\t\t\t<style>\/*! elementor - v3.13.3 - 28-05-2023 *\/\n.elementor-heading-title{padding:0;margin:0;line-height:1}.elementor-widget-heading .elementor-heading-title[class*=elementor-size-]>a{color:inherit;font-size:inherit;line-height:inherit}.elementor-widget-heading .elementor-heading-title.elementor-size-small{font-size:15px}.elementor-widget-heading .elementor-heading-title.elementor-size-medium{font-size:19px}.elementor-widget-heading .elementor-heading-title.elementor-size-large{font-size:29px}.elementor-widget-heading .elementor-heading-title.elementor-size-xl{font-size:39px}.elementor-widget-heading .elementor-heading-title.elementor-size-xxl{font-size:59px}<\/style><h2 class=\"elementor-heading-title elementor-size-default\">\u00bfTienes una vivienda y la quieres que sea alquilada?<\/h2>\t\t<\/div>\n\t\t\t\t<\/div>\n\t\t\t\t<div class=\"elementor-element elementor-element-650ed16 elementor-widget elementor-widget-text-editor\" data-id=\"650ed16\" data-element_type=\"widget\" data-widget_type=\"text-editor.default\">\n\t\t\t\t<div class=\"elementor-widget-container\">\n\t\t\t<style>\/*! elementor - v3.13.3 - 28-05-2023 *\/\n.elementor-widget-text-editor.elementor-drop-cap-view-stacked .elementor-drop-cap{background-color:#69727d;color:#fff}.elementor-widget-text-editor.elementor-drop-cap-view-framed .elementor-drop-cap{color:#69727d;border:3px solid;background-color:transparent}.elementor-widget-text-editor:not(.elementor-drop-cap-view-default) .elementor-drop-cap{margin-top:8px}.elementor-widget-text-editor:not(.elementor-drop-cap-view-default) .elementor-drop-cap-letter{width:1em;height:1em}.elementor-widget-text-editor .elementor-drop-cap{float:left;text-align:center;line-height:1;font-size:50px}.elementor-widget-text-editor .elementor-drop-cap-letter{display:inline-block}<\/style>\t\t\t\t<p>En Rent a House Be Happy SL, te ofrecemos un servicio integral para que puedas poner en alquiler tu vivienda de manera sencilla y efectiva. Entendemos que deseas maximizar el potencial de tu propiedad y obtener ingresos seguros, y estamos aqu\u00ed para ayudarte en todo el proceso.<\/p><p>Nuestro equipo de expertos en alquileres est\u00e1 altamente capacitado y comprometido a brindarte el mejor servicio posible. Sabemos que cada vivienda es \u00fanica, por lo que nos aseguramos de comprender tus necesidades y requisitos espec\u00edficos para encontrar los inquilinos adecuados que se ajusten a tu propiedad.<\/p><p>Comienza completando nuestro formulario de propuesta de alquiler. Este formulario nos permitir\u00e1 conocer todos los detalles de tu propiedad, como ubicaci\u00f3n, tama\u00f1o, caracter\u00edsticas y cualquier otro requisito importante. Con esta informaci\u00f3n, podremos crear una descripci\u00f3n atractiva y optimizada para SEO de tu vivienda, lo que aumentar\u00e1 su visibilidad en los motores de b\u00fasqueda y atraer\u00e1 a potenciales inquilinos.<\/p><p>Nuestro objetivo es que tu vivienda se destaque entre la competencia y atraiga a los mejores candidatos. Utilizamos estrategias de marketing efectivas y canales de publicidad especializados para promocionar tu propiedad de manera eficiente. Adem\u00e1s, nos encargamos de realizar visitas y mostrar tu vivienda a posibles inquilinos, ahorr\u00e1ndote tiempo y esfuerzo.<\/p><p>En Rent a House Be Happy SL, nos preocupamos por tu tranquilidad y seguridad. Por eso, nos encargamos de realizar rigurosos procesos de selecci\u00f3n de inquilinos, que incluyen verificaci\u00f3n de antecedentes, referencias y an\u00e1lisis de solvencia econ\u00f3mica. De esta manera, te brindamos la tranquilidad de que tu propiedad estar\u00e1 en buenas manos.<\/p><p>Una vez que hayamos encontrado el inquilino ideal para tu vivienda, nos encargaremos de redactar un contrato de alquiler completo y claro, que proteja tus derechos y garantice una experiencia segura para ambas partes. Estaremos a tu disposici\u00f3n para responder cualquier pregunta o duda que puedas tener durante todo el proceso.<\/p><p>No pierdas m\u00e1s tiempo y comienza a rentabilizar tu propiedad. Rellena nuestro formulario de propuesta de alquiler y d\u00e9janos ayudarte a encontrar los mejores inquilinos para tu hogar. En Rent a House Be Happy SL, nos comprometemos a hacer realidad tus objetivos y asegurarnos de que tengas una experiencia satisfactoria en el proceso de alquiler. \u00a1\u00danete a nosotros y encuentra la felicidad en cada alquiler!<\/p>\t\t\t\t\t\t<\/div>\n\t\t\t\t<\/div>\n\t\t\t\t\t<\/div>\n\t\t<\/div>\n\t\t\t\t\t\t\t<\/div>\n\t\t<\/section>\n\t\t\t\t<section class=\"elementor-section elementor-top-section elementor-element elementor-element-2fb8210 elementor-section-boxed elementor-section-height-default elementor-section-height-default\" data-id=\"2fb8210\" data-element_type=\"section\">\n\t\t\t\t\t\t<div class=\"elementor-container elementor-column-gap-default\">\n\t\t\t\t\t<div class=\"elementor-column elementor-col-100 elementor-top-column elementor-element elementor-element-769f604\" data-id=\"769f604\" data-element_type=\"column\">\n\t\t\t<div class=\"elementor-widget-wrap elementor-element-populated\">\n\t\t\t\t\t\t\t\t<div class=\"elementor-element elementor-element-3804035 elementor-widget elementor-widget-spacer\" data-id=\"3804035\" data-element_type=\"widget\" data-widget_type=\"spacer.default\">\n\t\t\t\t<div class=\"elementor-widget-container\">\n\t\t\t\t\t<div class=\"elementor-spacer\">\n\t\t\t<div class=\"elementor-spacer-inner\"><\/div>\n\t\t<\/div>\n\t\t\t\t<\/div>\n\t\t\t\t<\/div>\n\t\t\t\t\t<\/div>\n\t\t<\/div>\n\t\t\t\t\t\t\t<\/div>\n\t\t<\/section>\n\t\t\t\t<section class=\"elementor-section elementor-top-section elementor-element elementor-element-a1f7449 elementor-section-boxed elementor-section-height-default elementor-section-height-default\" data-id=\"a1f7449\" data-element_type=\"section\">\n\t\t\t\t\t\t<div class=\"elementor-container elementor-column-gap-default\">\n\t\t\t\t\t<div class=\"elementor-column elementor-col-100 elementor-top-column elementor-element elementor-element-06b4cfa\" data-id=\"06b4cfa\" data-element_type=\"column\">\n\t\t\t<div class=\"elementor-widget-wrap elementor-element-populated\">\n\t\t\t\t\t\t\t\t<div class=\"elementor-element elementor-element-9435305 elementor-widget elementor-widget-wpforms\" data-id=\"9435305\" data-element_type=\"widget\" data-widget_type=\"wpforms.default\">\n\t\t\t\t<div class=\"elementor-widget-container\">\n\t\t\t<div class=\"wpforms-container \" id=\"wpforms-1353\"><form id=\"wpforms-form-1353\" class=\"wpforms-validate wpforms-form wpforms-ajax-form\" data-formid=\"1353\" method=\"post\" enctype=\"multipart\/form-data\" action=\"\/index.php\/wp-json\/wp\/v2\/pages\/1331\" data-token=\"e16b1802ff2922e9eeb849c24b7d4a08\"><noscript class=\"wpforms-error-noscript\">Por favor, activa JavaScript en tu navegador para completar este formulario.<\/noscript><div class=\"wpforms-field-container\"><div id=\"wpforms-1353-field_0-container\" class=\"wpforms-field wpforms-field-name\" data-field-id=\"0\"><label class=\"wpforms-field-label\" for=\"wpforms-1353-field_0\">Nombre <span class=\"wpforms-required-label\">*<\/span><\/label><div class=\"wpforms-field-row wpforms-field-medium\"><div class=\"wpforms-field-row-block wpforms-first wpforms-one-half\"><input type=\"text\" id=\"wpforms-1353-field_0\" class=\"wpforms-field-name-first wpforms-field-required\" name=\"wpforms[fields][0][first]\" required><label for=\"wpforms-1353-field_0\" class=\"wpforms-field-sublabel after \">Nombre<\/label><\/div><div class=\"wpforms-field-row-block wpforms-one-half\"><input type=\"text\" id=\"wpforms-1353-field_0-last\" class=\"wpforms-field-name-last wpforms-field-required\" name=\"wpforms[fields][0][last]\" required><label for=\"wpforms-1353-field_0-last\" class=\"wpforms-field-sublabel after \">Apellidos<\/label><\/div><\/div><\/div><div id=\"wpforms-1353-field_1-container\" class=\"wpforms-field wpforms-field-email\" data-field-id=\"1\"><label class=\"wpforms-field-label\" for=\"wpforms-1353-field_1\">Correo electr\u00f3nico <span class=\"wpforms-required-label\">*<\/span><\/label><input type=\"email\" id=\"wpforms-1353-field_1\" class=\"wpforms-field-medium wpforms-field-required\" name=\"wpforms[fields][1]\" spellcheck=\"false\" required><\/div><div id=\"wpforms-1353-field_4-container\" class=\"wpforms-field wpforms-field-text\" data-field-id=\"4\"><label class=\"wpforms-field-label\" for=\"wpforms-1353-field_4\">Localizaci\u00f3n <span class=\"wpforms-required-label\">*<\/span><\/label><input type=\"text\" id=\"wpforms-1353-field_4\" class=\"wpforms-field-medium wpforms-field-required\" name=\"wpforms[fields][4]\" required><\/div><div id=\"wpforms-1353-field_6-container\" class=\"wpforms-field wpforms-field-text\" data-field-id=\"6\"><label class=\"wpforms-field-label\" for=\"wpforms-1353-field_6\">Tel\u00e9fono <span class=\"wpforms-required-label\">*<\/span><\/label><input type=\"text\" id=\"wpforms-1353-field_6\" class=\"wpforms-field-medium wpforms-field-required wpforms-limit-characters-enabled\" data-form-id=\"1353\" data-field-id=\"6\" data-text-limit=\"9\" name=\"wpforms[fields][6]\" value=\"611435492\" maxlength=\"9\" required><\/div><div id=\"wpforms-1353-field_7-container\" class=\"wpforms-field wpforms-field-textarea\" data-field-id=\"7\"><label class=\"wpforms-field-label\" for=\"wpforms-1353-field_7\">\u00bfComo es la vivienda que quieres alquilar?<\/label><textarea id=\"wpforms-1353-field_7\" class=\"wpforms-field-medium\" name=\"wpforms[fields][7]\" ><\/textarea><\/div><\/div><!-- .wpforms-field-container --><div class=\"wpforms-submit-container\" ><input type=\"hidden\" name=\"wpforms[id]\" value=\"1353\"><input type=\"hidden\" name=\"wpforms[author]\" value=\"1\"><button type=\"submit\" name=\"wpforms[submit]\" id=\"wpforms-submit-1353\" class=\"wpforms-submit\" data-alt-text=\"Enviando...\" data-submit-text=\"Enviar\" aria-live=\"assertive\" value=\"wpforms-submit\">Enviar<\/button><img loading=\"lazy\" decoding=\"async\" src=\"https:\/\/rentahousebehappy.com\/wp-content\/plugins\/wpforms-lite\/assets\/images\/submit-spin.svg\" class=\"wpforms-submit-spinner\" style=\"display: none;\" width=\"26\" height=\"26\" alt=\"Cargando\"><\/div><\/form><\/div>  <!-- .wpforms-container -->\t\t<\/div>\n\t\t\t\t<\/div>\n\t\t\t\t\t<\/div>\n\t\t<\/div>\n\t\t\t\t\t\t\t<\/div>\n\t\t<\/section>\n\t\t\t\t\t\t\t<\/div>\n\t\t","protected":false},"excerpt":{"rendered":"<p>\u00bfTienes una vivienda y la quieres que sea alquilada? En Rent a House Be Happy SL, te ofrecemos un servicio integral para que puedas poner en alquiler tu vivienda de manera sencilla y efectiva. Entendemos que deseas maximizar el potencial de tu propiedad y obtener ingresos seguros, y estamos aqu\u00ed para ayudarte en todo el &hellip;<\/p>\n<p class=\"read-more\"> <a class=\"\" href=\"https:\/\/rentahousebehappy.com\/index.php\/poner-viviendas\/\"> <span class=\"screen-reader-text\">Poner Viviendas<\/span> Leer m\u00e1s &raquo;<\/a><\/p>\n","protected":false},"author":1,"featured_media":0,"parent":0,"menu_order":0,"comment_status":"closed","ping_status":"closed","template":"","meta":{"site-sidebar-layout":"no-sidebar","site-content-layout":"page-builder","ast-global-header-display":"","ast-banner-title-visibility":"","ast-main-header-display":"","ast-hfb-above-header-display":"","ast-hfb-below-header-display":"","ast-hfb-mobile-header-display":"","site-post-title":"disabled","ast-breadcrumbs-content":"","ast-featured-img":"disabled","footer-sml-layout":"","theme-transparent-header-meta":"","adv-header-id-meta":"","stick-header-meta":"","header-above-stick-meta":"","header-main-stick-meta":"","header-below-stick-meta":"","footnotes":""},"class_list":["post-1331","page","type-page","status-publish","hentry"],"_links":{"self":[{"href":"https:\/\/rentahousebehappy.com\/index.php\/wp-json\/wp\/v2\/pages\/1331","targetHints":{"allow":["GET"]}}],"collection":[{"href":"https:\/\/rentahousebehappy.com\/index.php\/wp-json\/wp\/v2\/pages"}],"about":[{"href":"https:\/\/rentahousebehappy.com\/index.php\/wp-json\/wp\/v2\/types\/page"}],"author":[{"embeddable":true,"href":"https:\/\/rentahousebehappy.com\/index.php\/wp-json\/wp\/v2\/users\/1"}],"replies":[{"embeddable":true,"href":"https:\/\/rentahousebehappy.com\/index.php\/wp-json\/wp\/v2\/comments?post=1331"}],"version-history":[{"count":11,"href":"https:\/\/rentahousebehappy.com\/index.php\/wp-json\/wp\/v2\/pages\/1331\/revisions"}],"predecessor-version":[{"id":1360,"href":"https:\/\/rentahousebehappy.com\/index.php\/wp-json\/wp\/v2\/pages\/1331\/revisions\/1360"}],"wp:attachment":[{"href":"https:\/\/rentahousebehappy.com\/index.php\/wp-json\/wp\/v2\/media?parent=1331"}],"curies":[{"name":"wp","href":"https:\/\/api.w.org\/{rel}","templated":true}]}}