{"id":1396,"date":"2023-06-21T07:47:14","date_gmt":"2023-06-21T07:47:14","guid":{"rendered":"https:\/\/optimizingtheworld.com\/rentahouse\/?page_id=1396"},"modified":"2023-06-21T07:52:08","modified_gmt":"2023-06-21T07:52:08","slug":"poner-vivienda-a-la-venta","status":"publish","type":"page","link":"https:\/\/rentahousebehappy.com\/index.php\/poner-vivienda-a-la-venta\/","title":{"rendered":"Poner Vivienda a la Venta"},"content":{"rendered":"\t\t<div data-elementor-type=\"wp-page\" data-elementor-id=\"1396\" class=\"elementor elementor-1396\">\n\t\t\t\t\t\t\t\t\t<section class=\"elementor-section elementor-top-section elementor-element elementor-element-b651e7b elementor-section-boxed elementor-section-height-default elementor-section-height-default\" data-id=\"b651e7b\" data-element_type=\"section\">\n\t\t\t\t\t\t<div class=\"elementor-container elementor-column-gap-default\">\n\t\t\t\t\t<div class=\"elementor-column elementor-col-100 elementor-top-column elementor-element elementor-element-b2506fe\" data-id=\"b2506fe\" data-element_type=\"column\">\n\t\t\t<div class=\"elementor-widget-wrap elementor-element-populated\">\n\t\t\t\t\t\t\t\t<div class=\"elementor-element elementor-element-4fa3ea1 elementor-widget elementor-widget-spacer\" data-id=\"4fa3ea1\" data-element_type=\"widget\" data-widget_type=\"spacer.default\">\n\t\t\t\t<div class=\"elementor-widget-container\">\n\t\t\t<style>\/*! elementor - v3.13.3 - 28-05-2023 *\/\n.elementor-column .elementor-spacer-inner{height:var(--spacer-size)}.e-con{--container-widget-width:100%}.e-con-inner>.elementor-widget-spacer,.e-con>.elementor-widget-spacer{width:var(--container-widget-width,var(--spacer-size));--align-self:var(--container-widget-align-self,initial);--flex-shrink:0}.e-con-inner>.elementor-widget-spacer>.elementor-widget-container,.e-con-inner>.elementor-widget-spacer>.elementor-widget-container>.elementor-spacer,.e-con>.elementor-widget-spacer>.elementor-widget-container,.e-con>.elementor-widget-spacer>.elementor-widget-container>.elementor-spacer{height:100%}.e-con-inner>.elementor-widget-spacer>.elementor-widget-container>.elementor-spacer>.elementor-spacer-inner,.e-con>.elementor-widget-spacer>.elementor-widget-container>.elementor-spacer>.elementor-spacer-inner{height:var(--container-widget-height,var(--spacer-size))}<\/style>\t\t<div class=\"elementor-spacer\">\n\t\t\t<div class=\"elementor-spacer-inner\"><\/div>\n\t\t<\/div>\n\t\t\t\t<\/div>\n\t\t\t\t<\/div>\n\t\t\t\t<div class=\"elementor-element elementor-element-cf8c9da elementor-widget elementor-widget-heading\" data-id=\"cf8c9da\" data-element_type=\"widget\" data-widget_type=\"heading.default\">\n\t\t\t\t<div class=\"elementor-widget-container\">\n\t\t\t<style>\/*! elementor - v3.13.3 - 28-05-2023 *\/\n.elementor-heading-title{padding:0;margin:0;line-height:1}.elementor-widget-heading .elementor-heading-title[class*=elementor-size-]>a{color:inherit;font-size:inherit;line-height:inherit}.elementor-widget-heading .elementor-heading-title.elementor-size-small{font-size:15px}.elementor-widget-heading .elementor-heading-title.elementor-size-medium{font-size:19px}.elementor-widget-heading .elementor-heading-title.elementor-size-large{font-size:29px}.elementor-widget-heading .elementor-heading-title.elementor-size-xl{font-size:39px}.elementor-widget-heading .elementor-heading-title.elementor-size-xxl{font-size:59px}<\/style><h2 class=\"elementor-heading-title elementor-size-default\">\u00bfQuieres poner una vivienda a la venta?<\/h2>\t\t<\/div>\n\t\t\t\t<\/div>\n\t\t\t\t\t<\/div>\n\t\t<\/div>\n\t\t\t\t\t\t\t<\/div>\n\t\t<\/section>\n\t\t\t\t<section class=\"elementor-section elementor-top-section elementor-element elementor-element-cf05878 elementor-section-boxed elementor-section-height-default elementor-section-height-default\" data-id=\"cf05878\" data-element_type=\"section\">\n\t\t\t\t\t\t<div class=\"elementor-container elementor-column-gap-default\">\n\t\t\t\t\t<div class=\"elementor-column elementor-col-100 elementor-top-column elementor-element elementor-element-ec264e8\" data-id=\"ec264e8\" data-element_type=\"column\">\n\t\t\t<div class=\"elementor-widget-wrap elementor-element-populated\">\n\t\t\t\t\t\t\t\t<div class=\"elementor-element elementor-element-9d1501a elementor-widget elementor-widget-text-editor\" data-id=\"9d1501a\" data-element_type=\"widget\" data-widget_type=\"text-editor.default\">\n\t\t\t\t<div class=\"elementor-widget-container\">\n\t\t\t<style>\/*! elementor - v3.13.3 - 28-05-2023 *\/\n.elementor-widget-text-editor.elementor-drop-cap-view-stacked .elementor-drop-cap{background-color:#69727d;color:#fff}.elementor-widget-text-editor.elementor-drop-cap-view-framed .elementor-drop-cap{color:#69727d;border:3px solid;background-color:transparent}.elementor-widget-text-editor:not(.elementor-drop-cap-view-default) .elementor-drop-cap{margin-top:8px}.elementor-widget-text-editor:not(.elementor-drop-cap-view-default) .elementor-drop-cap-letter{width:1em;height:1em}.elementor-widget-text-editor .elementor-drop-cap{float:left;text-align:center;line-height:1;font-size:50px}.elementor-widget-text-editor .elementor-drop-cap-letter{display:inline-block}<\/style>\t\t\t\t<p>En nuestro apartado de \u00abVender Vivienda\u00bb en Rent a House Be Happy SL, te ofrecemos un servicio integral y eficiente para ayudarte a vender tu propiedad de manera exitosa. Entendemos que vender una vivienda es una decisi\u00f3n importante y estamos aqu\u00ed para acompa\u00f1arte en todo el proceso.<\/p><p>Nuestro equipo de profesionales altamente capacitados se encargar\u00e1 de brindarte asesoramiento experto y personalizado en cada etapa de la venta de tu vivienda. Desde la evaluaci\u00f3n inicial hasta la firma del contrato de venta, nos aseguraremos de maximizar el valor de tu propiedad y obtener los mejores resultados posibles.<\/p><p>Para comenzar, te invitamos a completar nuestro formulario de propuesta de venta. Este formulario nos permitir\u00e1 conocer los detalles de tu propiedad, tus expectativas y requisitos espec\u00edficos. Utilizaremos esta informaci\u00f3n para desarrollar una estrategia personalizada que atraiga a compradores potenciales y resalte las caracter\u00edsticas \u00fanicas de tu vivienda.<\/p><p>En Rent a House Be Happy SL, nos enorgullece contar con un amplio alcance en el mercado inmobiliario. Utilizamos las \u00faltimas t\u00e9cnicas de marketing digital y nuestras extensas redes de contactos para promocionar tu propiedad de manera efectiva. Esto nos permite llegar a un p\u00fablico amplio y encontrar r\u00e1pidamente compradores interesados en tu vivienda.<\/p><p>Nuestro equipo se encargar\u00e1 de la gesti\u00f3n de visitas y negociaciones, asegur\u00e1ndose de que el proceso sea transparente y sin complicaciones para ti. Nos esforzamos por proteger tus derechos y garantizar una experiencia segura y satisfactoria para todas las partes involucradas.<\/p><p>No pierdas m\u00e1s tiempo y conf\u00eda en Rent a House Be Happy SL para vender tu vivienda con \u00e9xito. Rellena nuestro formulario de propuesta de venta y d\u00e9janos ayudarte a alcanzar tus objetivos inmobiliarios. Estamos comprometidos en brindarte un servicio de calidad, adaptado a tus necesidades y orientado a obtener los mejores resultados.<\/p><p>Comienza hoy mismo a hacer realidad la venta de tu vivienda. En Rent a House Be Happy SL, estamos aqu\u00ed para que disfrutes de una experiencia sin complicaciones y logres vender tu propiedad al mejor precio posible.<\/p>\t\t\t\t\t\t<\/div>\n\t\t\t\t<\/div>\n\t\t\t\t<div class=\"elementor-element elementor-element-58e3c22 elementor-widget elementor-widget-spacer\" data-id=\"58e3c22\" data-element_type=\"widget\" data-widget_type=\"spacer.default\">\n\t\t\t\t<div class=\"elementor-widget-container\">\n\t\t\t\t\t<div class=\"elementor-spacer\">\n\t\t\t<div class=\"elementor-spacer-inner\"><\/div>\n\t\t<\/div>\n\t\t\t\t<\/div>\n\t\t\t\t<\/div>\n\t\t\t\t\t<\/div>\n\t\t<\/div>\n\t\t\t\t\t\t\t<\/div>\n\t\t<\/section>\n\t\t\t\t<section class=\"elementor-section elementor-top-section elementor-element elementor-element-4d97f36 elementor-section-boxed elementor-section-height-default elementor-section-height-default\" data-id=\"4d97f36\" data-element_type=\"section\">\n\t\t\t\t\t\t<div class=\"elementor-container elementor-column-gap-default\">\n\t\t\t\t\t<div class=\"elementor-column elementor-col-100 elementor-top-column elementor-element elementor-element-766c0d2\" data-id=\"766c0d2\" data-element_type=\"column\">\n\t\t\t<div class=\"elementor-widget-wrap elementor-element-populated\">\n\t\t\t\t\t\t\t\t<div class=\"elementor-element elementor-element-10bc985 elementor-widget elementor-widget-wpforms\" data-id=\"10bc985\" data-element_type=\"widget\" data-widget_type=\"wpforms.default\">\n\t\t\t\t<div class=\"elementor-widget-container\">\n\t\t\t<div class=\"wpforms-container \" id=\"wpforms-1398\"><form id=\"wpforms-form-1398\" class=\"wpforms-validate wpforms-form wpforms-ajax-form\" data-formid=\"1398\" method=\"post\" enctype=\"multipart\/form-data\" action=\"\/index.php\/wp-json\/wp\/v2\/pages\/1396\" data-token=\"4fee8f1d7b2d595640667df9bb6cca58\"><noscript class=\"wpforms-error-noscript\">Por favor, activa JavaScript en tu navegador para completar este formulario.<\/noscript><div class=\"wpforms-field-container\"><div id=\"wpforms-1398-field_0-container\" class=\"wpforms-field wpforms-field-name\" data-field-id=\"0\"><label class=\"wpforms-field-label\" for=\"wpforms-1398-field_0\">Nombre <span class=\"wpforms-required-label\">*<\/span><\/label><div class=\"wpforms-field-row wpforms-field-medium\"><div class=\"wpforms-field-row-block wpforms-first wpforms-one-half\"><input type=\"text\" id=\"wpforms-1398-field_0\" class=\"wpforms-field-name-first wpforms-field-required\" name=\"wpforms[fields][0][first]\" required><label for=\"wpforms-1398-field_0\" class=\"wpforms-field-sublabel after \">Nombre<\/label><\/div><div class=\"wpforms-field-row-block wpforms-one-half\"><input type=\"text\" id=\"wpforms-1398-field_0-last\" class=\"wpforms-field-name-last wpforms-field-required\" name=\"wpforms[fields][0][last]\" required><label for=\"wpforms-1398-field_0-last\" class=\"wpforms-field-sublabel after \">Apellidos<\/label><\/div><\/div><\/div><div id=\"wpforms-1398-field_1-container\" class=\"wpforms-field wpforms-field-email\" data-field-id=\"1\"><label class=\"wpforms-field-label\" for=\"wpforms-1398-field_1\">Correo electr\u00f3nico <span class=\"wpforms-required-label\">*<\/span><\/label><input type=\"email\" id=\"wpforms-1398-field_1\" class=\"wpforms-field-medium wpforms-field-required\" name=\"wpforms[fields][1]\" spellcheck=\"false\" required><\/div><div id=\"wpforms-1398-field_3-container\" class=\"wpforms-field wpforms-field-email\" data-field-id=\"3\"><label class=\"wpforms-field-label\" for=\"wpforms-1398-field_3\">Localizaci\u00f3n <span class=\"wpforms-required-label\">*<\/span><\/label><input type=\"email\" id=\"wpforms-1398-field_3\" class=\"wpforms-field-medium wpforms-field-required\" name=\"wpforms[fields][3]\" spellcheck=\"false\" required><\/div><div id=\"wpforms-1398-field_4-container\" class=\"wpforms-field wpforms-field-email\" data-field-id=\"4\"><label class=\"wpforms-field-label\" for=\"wpforms-1398-field_4\">Tel\u00e9fono <span class=\"wpforms-required-label\">*<\/span><\/label><input type=\"email\" id=\"wpforms-1398-field_4\" class=\"wpforms-field-medium wpforms-field-required\" name=\"wpforms[fields][4]\" spellcheck=\"false\" required><\/div><div id=\"wpforms-1398-field_2-container\" class=\"wpforms-field wpforms-field-textarea\" data-field-id=\"2\"><label class=\"wpforms-field-label\" for=\"wpforms-1398-field_2\">\u00bfDescr\u00edbenos la vivienda que quieras vender?<\/label><textarea id=\"wpforms-1398-field_2\" class=\"wpforms-field-medium\" name=\"wpforms[fields][2]\" ><\/textarea><\/div><\/div><!-- .wpforms-field-container --><div class=\"wpforms-submit-container\" ><input type=\"hidden\" name=\"wpforms[id]\" value=\"1398\"><input type=\"hidden\" name=\"wpforms[author]\" value=\"1\"><button type=\"submit\" name=\"wpforms[submit]\" id=\"wpforms-submit-1398\" class=\"wpforms-submit\" data-alt-text=\"Enviando...\" data-submit-text=\"Enviar\" aria-live=\"assertive\" value=\"wpforms-submit\">Enviar<\/button><img loading=\"lazy\" decoding=\"async\" src=\"https:\/\/rentahousebehappy.com\/wp-content\/plugins\/wpforms-lite\/assets\/images\/submit-spin.svg\" class=\"wpforms-submit-spinner\" style=\"display: none;\" width=\"26\" height=\"26\" alt=\"Cargando\"><\/div><\/form><\/div>  <!-- .wpforms-container -->\t\t<\/div>\n\t\t\t\t<\/div>\n\t\t\t\t\t<\/div>\n\t\t<\/div>\n\t\t\t\t\t\t\t<\/div>\n\t\t<\/section>\n\t\t\t\t\t\t\t<\/div>\n\t\t","protected":false},"excerpt":{"rendered":"<p>\u00bfQuieres poner una vivienda a la venta? En nuestro apartado de \u00abVender Vivienda\u00bb en Rent a House Be Happy SL, te ofrecemos un servicio integral y eficiente para ayudarte a vender tu propiedad de manera exitosa. Entendemos que vender una vivienda es una decisi\u00f3n importante y estamos aqu\u00ed para acompa\u00f1arte en todo el proceso. Nuestro &hellip;<\/p>\n<p class=\"read-more\"> <a class=\"\" href=\"https:\/\/rentahousebehappy.com\/index.php\/poner-vivienda-a-la-venta\/\"> <span class=\"screen-reader-text\">Poner Vivienda a la Venta<\/span> Leer m\u00e1s &raquo;<\/a><\/p>\n","protected":false},"author":1,"featured_media":0,"parent":0,"menu_order":0,"comment_status":"closed","ping_status":"closed","template":"","meta":{"site-sidebar-layout":"no-sidebar","site-content-layout":"page-builder","ast-global-header-display":"","ast-banner-title-visibility":"","ast-main-header-display":"","ast-hfb-above-header-display":"","ast-hfb-below-header-display":"","ast-hfb-mobile-header-display":"","site-post-title":"disabled","ast-breadcrumbs-content":"","ast-featured-img":"disabled","footer-sml-layout":"","theme-transparent-header-meta":"","adv-header-id-meta":"","stick-header-meta":"","header-above-stick-meta":"","header-main-stick-meta":"","header-below-stick-meta":"","footnotes":""},"class_list":["post-1396","page","type-page","status-publish","hentry"],"_links":{"self":[{"href":"https:\/\/rentahousebehappy.com\/index.php\/wp-json\/wp\/v2\/pages\/1396","targetHints":{"allow":["GET"]}}],"collection":[{"href":"https:\/\/rentahousebehappy.com\/index.php\/wp-json\/wp\/v2\/pages"}],"about":[{"href":"https:\/\/rentahousebehappy.com\/index.php\/wp-json\/wp\/v2\/types\/page"}],"author":[{"embeddable":true,"href":"https:\/\/rentahousebehappy.com\/index.php\/wp-json\/wp\/v2\/users\/1"}],"replies":[{"embeddable":true,"href":"https:\/\/rentahousebehappy.com\/index.php\/wp-json\/wp\/v2\/comments?post=1396"}],"version-history":[{"count":7,"href":"https:\/\/rentahousebehappy.com\/index.php\/wp-json\/wp\/v2\/pages\/1396\/revisions"}],"predecessor-version":[{"id":1406,"href":"https:\/\/rentahousebehappy.com\/index.php\/wp-json\/wp\/v2\/pages\/1396\/revisions\/1406"}],"wp:attachment":[{"href":"https:\/\/rentahousebehappy.com\/index.php\/wp-json\/wp\/v2\/media?parent=1396"}],"curies":[{"name":"wp","href":"https:\/\/api.w.org\/{rel}","templated":true}]}}